





{"id":3045,"date":"2022-09-02T10:09:05","date_gmt":"2022-09-02T08:09:05","guid":{"rendered":"https:\/\/chateauvieux.monsieurbouillon.ch\/home\/"},"modified":"2024-12-04T10:14:20","modified_gmt":"2024-12-04T09:14:20","slug":"home","status":"publish","type":"page","link":"https:\/\/chevrierconsulting.com\/en\/","title":{"rendered":"Home"},"content":{"rendered":"  <div class=\" container hero-page shadow\" style=\"background-image:  url('https:\/\/chevrierconsulting.com\/app\/uploads\/2024\/12\/Chez-Philippe-Plats-home-page-1.jpg');\" id=\"hero_block\">\n      <section class=\"gradient-top-header\"><\/section>\n\n          \n\n      <h1 class=\"hero-title\">\n     <p>Philippe Chevrier Consulting<\/p>\n \n    <\/h1>\n   \n  \n           \n  <a href=\"#site-content\" class=\"skip hero-new-button\">\n    <i class=\"fa-solid fa-chevron-down\"><\/i>\n  <\/a>\n<\/div>\n\n<div id=\"site-content\"><\/div>\n\n<section class=\"block-text-image  bg-left\" id=\"the-chef\" style=\"background-color:; background-image: url('')  ;\">\n  <div class=\"container block-wrapper\" >\n    <div class=\"row\">\n\n            <div class=\"col-md-6 content-column\">\n\n            <div class=\"fields-subtitle\">\n          <h5> About philippe chevrier <\/h5>\n        <\/div>\n        <div class=\"fields-title\">\n          <h3> The Chef <\/h3>\n        <\/div>\n        <div class=\"fields-description\">\n          <p><!-- wp:acf\/block-text-image {\"name\":\"acf\/block-text-image\",\"data\":{\"title\":\"Le Chef\",\"_title\":\"field_6311fa4b8216c\",\"subtitle\":\"\u00c0 propos de Philippe Chevrier\",\"_subtitle\":\"field_6311fa4b82181\",\"right_col_layout\":\"image\",\"_right_col_layout\":\"field_64ad18530b819\",\"description\":\"\\u003cb\\u003eLa cuisine est une v\u00e9ritable vocation pour Philippe Chevrier\\u003c\/b\\u003e. Une passion transmise par sa maman et sa grand-m\u00e8re, qui avaient pour habitude de pr\u00e9parer une cuisine familiale et g\u00e9n\u00e9reuse. Motiv\u00e9 par le d\u00e9sir de transmettre les \u00e9motions de son enfance, il ouvre son premier \u00e9tablissement \u00e0 29 ans. Son style : \\u003cb\\u003eu\\u003c\/b\\u003e\\u003cb\\u003en m\u00e9lange de rigueur et de cr\u00e9ativit\u00e9, de discr\u00e9tion et d\u2019ouverture\\u003c\/b\\u003e. Loin des tendances \u00e9ph\u00e9m\u00e8res et effets de mode, il s\u2019inscrit dans la dur\u00e9e et la tradition.\",\"_description\":\"field_6311fa6e132a9\",\"button_title\":\"Plus d'infos\",\"_button_title\":\"field_6315bc6446196\",\"button_url\":\"\/fr\/le-chef\/\",\"_button_url\":\"field_6315bc6446197\",\"button\":\"\",\"_button\":\"field_6315bc6446195\",\"button2_title\":\"\",\"_button2_title\":\"field_6358db19cc5d0\",\"button2_url\":\"\",\"_button2_url\":\"field_6358db19cc5d1\",\"button2\":\"\",\"_button2\":\"field_6358db19cc5cf\",\"image\":8351,\"_image\":\"field_6311fa4b8217c\",\"block_id\":\"le-chef\",\"_block_id\":\"field_6311fa4b82188\",\"background_image\":\"\",\"_background_image\":\"field_6311faae132aa\",\"background_color\":\"\",\"_background_color\":\"field_6311fac7132ab\"},\"mode\":\"edit\"} \/--><\/p>\n<p><b>For Philippe Chevrier, cooking is a real vocation<\/b>. A passion passed on by his mother and grandmother, who used to prepare generous family-style dishes. Motivated by the desire to pass on the emotions of his childhood, he opened his first restaurant at just 29 years of age.<\/p>\n<p><b>His style is a blend of rigour and creativity, discretion and openness<\/b>. Far from ephemeral trends and fashions, he is committed to the long term and to tradition.<\/p>\n\n        <\/div>\n        <div class=\"button-container-wrapper\">\n\n                      <div class=\"row button-container\">\n              <a href=\"\/en\/the-chef\/\" class=\"fields-button\">\n                MORE INFO \n                <i class=\"fa-solid fa-chevron-right fa-sm\" aria-hidden=\"true\"><\/i>\n              <\/a>\n                                        <\/div>\n            \n\n        <\/div>\n      <\/div>\n\n              <div class=\"col-md-6 image-column image-right bloc-image-gallery\">\n              \n        <div class=\"container-fluid\">\n          <div class=\"row\">\n\n                                    <img decoding=\"async\" class=\"image-haut shadow\" src=\"https:\/\/chevrierconsulting.com\/app\/uploads\/2024\/03\/Philippe-Chevrier-mobile-2.jpg\" alt=\"philippe-chevrier-mobile-2\">\n            \n                        \n                        \n                        \n            \n\n\n\n          <\/div>\n        <\/div>\n\n      <\/div>\n\n    <\/div>\n  <\/div>\n<\/section>\n\n<section class=\"block-image-text bg-right\"  id=\"the-group\" style=\"background-color:#f7f7f7; background-image: url('')  ;\">\n  <div class=\"container block-wrapper\">\n    <div class=\"row\">\n      \n      <div class=\"col-md-6 bloc-image-gallery\">\n\n        <div class=\"container-fluid\">\n          <div class=\"row\">\n                                          <img decoding=\"async\" class=\"image-haut shadow\" src=\"https:\/\/chevrierconsulting.com\/app\/uploads\/2024\/09\/Domaine-de-Chateauvieux-\u00a9-Guillaume-Cottancin.jpg\" alt=\"domaine-de-chateauvieux-guillaume-cottancin-2\">\n              \n                                          \n                                       \n          <\/div>\n        <\/div>\n      <\/div>\n\n      <div class=\"col-md-6 content-column\">\n        <div class=\"fields-subtitle\">\n          <h5> Presentation <\/h5>\n        <\/div>\n        <div class=\"fields-title\">\n          <h3> The Group <\/h3>\n        <\/div>\n        <div class=\"fields-description\">\n          <p>Philippe Chevrier is <strong>a gastronomic craftsman as well as an entrepreneur<\/strong> who runs a number of restaurants. Warm, authentic places where conviviality and excellence are the watchwords. Since he started out in the restaurant business, <strong>Philippe Chevrier has developed some fifteen concepts<\/strong>. Each one has been a success. What sets him apart is his innate business sense, the lightning speed of his ideas and his long-term vision.<\/p>\n\n        <\/div>\n        <div class=\"button-container-wrapper\">\n\n                      <div class=\"row button-container\">\n              <a href=\"\/en\/the-philippe-chevrier-group\/\" class=\"fields-button\">\n                MORE INFO \n                <i class=\"fa-solid fa-chevron-right fa-sm\" aria-hidden=\"true\"><\/i>\n              <\/a>\n                                        <\/div>\n            \n\n        <\/div>\n      <\/div>\n    <\/div>\n  <\/div>\n<\/section>\n\n\n<section class=\"block-text-image  bg-left\" id=\"consulting\" style=\"background-color:; background-image: url('')  ;\">\n  <div class=\"container block-wrapper\" >\n    <div class=\"row\">\n\n            <div class=\"col-md-6 content-column\">\n\n            <div class=\"fields-subtitle\">\n          <h5> Advice and support <\/h5>\n        <\/div>\n        <div class=\"fields-title\">\n          <h3> Consulting <\/h3>\n        <\/div>\n        <div class=\"fields-description\">\n          <p><strong>Philippe Chevrier<\/strong> and his team can advise and <strong>support you in your plans <\/strong> to open, take over, reposition or develop your restaurants.<\/p>\n<p>With <strong>50 years&#8217; experience in the restaurant business<\/strong> and at the head of a group with <strong>more than 130 employees<\/strong>, Philippe Chevrier is launching his consulting business to help entrepreneurs create or develop their businesses in the restaurant sector. <strong>As passionate as ever<\/strong>, and surrounded by <strong>colleagues who are experts in their field<\/strong>, he is keen to share his know-how.<\/p>\n\n        <\/div>\n        <div class=\"button-container-wrapper\">\n\n                      <div class=\"row button-container\">\n              <a href=\"\/en\/consulting\" class=\"fields-button\">\n                MORE INFO \n                <i class=\"fa-solid fa-chevron-right fa-sm\" aria-hidden=\"true\"><\/i>\n              <\/a>\n                                        <\/div>\n            \n\n        <\/div>\n      <\/div>\n\n              <div class=\"col-md-6 image-column image-right bloc-image-gallery\">\n              \n        <div class=\"container-fluid\">\n          <div class=\"row\">\n\n                                    <img decoding=\"async\" class=\"image-haut shadow\" src=\"https:\/\/chevrierconsulting.com\/app\/uploads\/2024\/04\/Philippe-Chevrier-truffe-noire.jpg\" alt=\"philippe-chevrier-truffe-noire-2\">\n            \n                        \n                        \n                        \n            \n\n\n\n          <\/div>\n        <\/div>\n\n      <\/div>\n\n    <\/div>\n  <\/div>\n<\/section>\n\n<section class=\"block-image-text bg-right\"  id=\"franchises\" style=\"background-color:#f7f7f7; background-image: url('')  ;\">\n  <div class=\"container block-wrapper\">\n    <div class=\"row\">\n      \n      <div class=\"col-md-6 bloc-image-gallery\">\n\n        <div class=\"container-fluid\">\n          <div class=\"row\">\n                                          <img decoding=\"async\" class=\"image-haut shadow\" src=\"https:\/\/chevrierconsulting.com\/app\/uploads\/2024\/04\/Chez-Philippe-Bar-2.jpg\" alt=\"chez-philippe-bar-2-2\">\n              \n                                          \n                                       \n          <\/div>\n        <\/div>\n      <\/div>\n\n      <div class=\"col-md-6 content-column\">\n        <div class=\"fields-subtitle\">\n          <h5> Want to open a franchise ? <\/h5>\n        <\/div>\n        <div class=\"fields-title\">\n          <h3> Franchises <\/h3>\n        <\/div>\n        <div class=\"fields-description\">\n          <p class=\"p2\">Philippe Chevrier offers you the opportunity to <strong>develop franchises for two successful concepts<\/strong>: <em><strong>Chez Philippe<\/strong><\/em>, the bar-grill inspired by New York steakhouses, and <em><strong>Denise&#8217;s Art of Burger<\/strong><\/em>, tasty and creative gourmet burgers. These restaurants opened in 2014 and 2015, and are well known and recognised in Geneva.<\/p>\n\n        <\/div>\n        <div class=\"button-container-wrapper\">\n\n                      <div class=\"row button-container\">\n              <a href=\"\/en\/franchises\" class=\"fields-button\">\n                MORE INFO \n                <i class=\"fa-solid fa-chevron-right fa-sm\" aria-hidden=\"true\"><\/i>\n              <\/a>\n                                        <\/div>\n            \n\n        <\/div>\n      <\/div>\n    <\/div>\n  <\/div>\n<\/section>\n","protected":false},"excerpt":{"rendered":"","protected":false},"author":2,"featured_media":0,"parent":0,"menu_order":0,"comment_status":"closed","ping_status":"closed","template":"","meta":{"inline_featured_image":false,"footnotes":""},"acf":[],"yoast_head":"<!-- This site is optimized with the Yoast SEO plugin v20.13 - https:\/\/yoast.com\/wordpress\/plugins\/seo\/ -->\n<title>Home - Philippe Chevrier Consulting<\/title>\n<meta name=\"description\" content=\"Philippe Chevrier and his team can advise and support you in your plans to open, take over, reposition or develop your restaurants.\" \/>\n<meta name=\"robots\" content=\"index, follow, max-snippet:-1, max-image-preview:large, max-video-preview:-1\" \/>\n<link rel=\"canonical\" href=\"https:\/\/chevrierconsulting.com\/en\/\" \/>\n<meta property=\"og:locale\" content=\"en_US\" \/>\n<meta property=\"og:type\" content=\"article\" \/>\n<meta property=\"og:title\" content=\"Home - Philippe Chevrier Consulting\" \/>\n<meta property=\"og:description\" content=\"Philippe Chevrier and his team can advise and support you in your plans to open, take over, reposition or develop your restaurants.\" \/>\n<meta property=\"og:url\" content=\"https:\/\/chevrierconsulting.com\/en\/\" \/>\n<meta property=\"og:site_name\" content=\"Philippe Chevrier Consulting\" \/>\n<meta property=\"article:modified_time\" content=\"2024-12-04T09:14:20+00:00\" \/>\n<meta name=\"twitter:card\" content=\"summary_large_image\" \/>\n<script type=\"application\/ld+json\" class=\"yoast-schema-graph\">{\"@context\":\"https:\/\/schema.org\",\"@graph\":[{\"@type\":\"WebPage\",\"@id\":\"https:\/\/chevrierconsulting.com\/en\/\",\"url\":\"https:\/\/chevrierconsulting.com\/en\/\",\"name\":\"Home - Philippe Chevrier Consulting\",\"isPartOf\":{\"@id\":\"https:\/\/chevrierconsulting.com\/en\/#website\"},\"datePublished\":\"2022-09-02T08:09:05+00:00\",\"dateModified\":\"2024-12-04T09:14:20+00:00\",\"description\":\"Philippe Chevrier and his team can advise and support you in your plans to open, take over, reposition or develop your restaurants.\",\"breadcrumb\":{\"@id\":\"https:\/\/chevrierconsulting.com\/en\/#breadcrumb\"},\"inLanguage\":\"en-US\",\"potentialAction\":[{\"@type\":\"ReadAction\",\"target\":[\"https:\/\/chevrierconsulting.com\/en\/\"]}]},{\"@type\":\"BreadcrumbList\",\"@id\":\"https:\/\/chevrierconsulting.com\/en\/#breadcrumb\",\"itemListElement\":[{\"@type\":\"ListItem\",\"position\":1,\"name\":\"Home\",\"item\":\"https:\/\/chevrierconsulting.com\/en\/\"},{\"@type\":\"ListItem\",\"position\":2,\"name\":\"Home\"}]},{\"@type\":\"WebSite\",\"@id\":\"https:\/\/chevrierconsulting.com\/en\/#website\",\"url\":\"https:\/\/chevrierconsulting.com\/en\/\",\"name\":\"Philippe Chevrier Consulting\",\"description\":\"Philippe Chevrier vous accompagne dans vos projets\",\"publisher\":{\"@id\":\"https:\/\/chevrierconsulting.com\/en\/#organization\"},\"potentialAction\":[{\"@type\":\"SearchAction\",\"target\":{\"@type\":\"EntryPoint\",\"urlTemplate\":\"https:\/\/chevrierconsulting.com\/en\/?s={search_term_string}\"},\"query-input\":\"required name=search_term_string\"}],\"inLanguage\":\"en-US\"},{\"@type\":\"Organization\",\"@id\":\"https:\/\/chevrierconsulting.com\/en\/#organization\",\"name\":\"Philippe Chevrier Consulting\",\"url\":\"https:\/\/chevrierconsulting.com\/en\/\",\"logo\":{\"@type\":\"ImageObject\",\"inLanguage\":\"en-US\",\"@id\":\"https:\/\/chevrierconsulting.com\/en\/#\/schema\/logo\/image\/\",\"url\":\"https:\/\/chevrierconsulting.com\/app\/uploads\/2024\/03\/PCC_Logo_Positif.svg\",\"contentUrl\":\"https:\/\/chevrierconsulting.com\/app\/uploads\/2024\/03\/PCC_Logo_Positif.svg\",\"caption\":\"Philippe Chevrier Consulting\"},\"image\":{\"@id\":\"https:\/\/chevrierconsulting.com\/en\/#\/schema\/logo\/image\/\"}}]}<\/script>\n<!-- \/ Yoast SEO plugin. -->","yoast_head_json":{"title":"Home - Philippe Chevrier Consulting","description":"Philippe Chevrier and his team can advise and support you in your plans to open, take over, reposition or develop your restaurants.","robots":{"index":"index","follow":"follow","max-snippet":"max-snippet:-1","max-image-preview":"max-image-preview:large","max-video-preview":"max-video-preview:-1"},"canonical":"https:\/\/chevrierconsulting.com\/en\/","og_locale":"en_US","og_type":"article","og_title":"Home - Philippe Chevrier Consulting","og_description":"Philippe Chevrier and his team can advise and support you in your plans to open, take over, reposition or develop your restaurants.","og_url":"https:\/\/chevrierconsulting.com\/en\/","og_site_name":"Philippe Chevrier Consulting","article_modified_time":"2024-12-04T09:14:20+00:00","twitter_card":"summary_large_image","schema":{"@context":"https:\/\/schema.org","@graph":[{"@type":"WebPage","@id":"https:\/\/chevrierconsulting.com\/en\/","url":"https:\/\/chevrierconsulting.com\/en\/","name":"Home - Philippe Chevrier Consulting","isPartOf":{"@id":"https:\/\/chevrierconsulting.com\/en\/#website"},"datePublished":"2022-09-02T08:09:05+00:00","dateModified":"2024-12-04T09:14:20+00:00","description":"Philippe Chevrier and his team can advise and support you in your plans to open, take over, reposition or develop your restaurants.","breadcrumb":{"@id":"https:\/\/chevrierconsulting.com\/en\/#breadcrumb"},"inLanguage":"en-US","potentialAction":[{"@type":"ReadAction","target":["https:\/\/chevrierconsulting.com\/en\/"]}]},{"@type":"BreadcrumbList","@id":"https:\/\/chevrierconsulting.com\/en\/#breadcrumb","itemListElement":[{"@type":"ListItem","position":1,"name":"Home","item":"https:\/\/chevrierconsulting.com\/en\/"},{"@type":"ListItem","position":2,"name":"Home"}]},{"@type":"WebSite","@id":"https:\/\/chevrierconsulting.com\/en\/#website","url":"https:\/\/chevrierconsulting.com\/en\/","name":"Philippe Chevrier Consulting","description":"Philippe Chevrier vous accompagne dans vos projets","publisher":{"@id":"https:\/\/chevrierconsulting.com\/en\/#organization"},"potentialAction":[{"@type":"SearchAction","target":{"@type":"EntryPoint","urlTemplate":"https:\/\/chevrierconsulting.com\/en\/?s={search_term_string}"},"query-input":"required name=search_term_string"}],"inLanguage":"en-US"},{"@type":"Organization","@id":"https:\/\/chevrierconsulting.com\/en\/#organization","name":"Philippe Chevrier Consulting","url":"https:\/\/chevrierconsulting.com\/en\/","logo":{"@type":"ImageObject","inLanguage":"en-US","@id":"https:\/\/chevrierconsulting.com\/en\/#\/schema\/logo\/image\/","url":"https:\/\/chevrierconsulting.com\/app\/uploads\/2024\/03\/PCC_Logo_Positif.svg","contentUrl":"https:\/\/chevrierconsulting.com\/app\/uploads\/2024\/03\/PCC_Logo_Positif.svg","caption":"Philippe Chevrier Consulting"},"image":{"@id":"https:\/\/chevrierconsulting.com\/en\/#\/schema\/logo\/image\/"}}]}},"_links":{"self":[{"href":"https:\/\/chevrierconsulting.com\/en\/wp-json\/wp\/v2\/pages\/3045"}],"collection":[{"href":"https:\/\/chevrierconsulting.com\/en\/wp-json\/wp\/v2\/pages"}],"about":[{"href":"https:\/\/chevrierconsulting.com\/en\/wp-json\/wp\/v2\/types\/page"}],"author":[{"embeddable":true,"href":"https:\/\/chevrierconsulting.com\/en\/wp-json\/wp\/v2\/users\/2"}],"replies":[{"embeddable":true,"href":"https:\/\/chevrierconsulting.com\/en\/wp-json\/wp\/v2\/comments?post=3045"}],"version-history":[{"count":261,"href":"https:\/\/chevrierconsulting.com\/en\/wp-json\/wp\/v2\/pages\/3045\/revisions"}],"predecessor-version":[{"id":9316,"href":"https:\/\/chevrierconsulting.com\/en\/wp-json\/wp\/v2\/pages\/3045\/revisions\/9316"}],"wp:attachment":[{"href":"https:\/\/chevrierconsulting.com\/en\/wp-json\/wp\/v2\/media?parent=3045"}],"curies":[{"name":"wp","href":"https:\/\/api.w.org\/{rel}","templated":true}]}}