





{"id":318,"date":"2022-09-02T10:09:05","date_gmt":"2022-09-02T08:09:05","guid":{"rendered":"http:\/\/localhost:8888\/?page_id=318"},"modified":"2024-12-04T10:14:40","modified_gmt":"2024-12-04T09:14:40","slug":"accueil","status":"publish","type":"page","link":"https:\/\/chevrierconsulting.com\/fr\/","title":{"rendered":"Accueil"},"content":{"rendered":"  <div class=\" container hero-page shadow\" style=\"background-image:  url('https:\/\/chevrierconsulting.com\/app\/uploads\/2024\/12\/Chez-Philippe-Plats-home-page-1.jpg');\" id=\"hero_block\">\n      <section class=\"gradient-top-header\"><\/section>\n\n          \n\n      <h1 class=\"hero-title\">\n     <p>Philippe Chevrier Consulting<\/p>\n \n    <\/h1>\n   \n  \n           \n  <a href=\"#site-content\" class=\"skip hero-new-button\">\n    <i class=\"fa-solid fa-chevron-down\"><\/i>\n  <\/a>\n<\/div>\n\n<div id=\"site-content\"><\/div>\n\n<section class=\"block-text-image  bg-left\" id=\"le-chef\" style=\"background-color:; background-image: url('')  ;\">\n  <div class=\"container block-wrapper\" >\n    <div class=\"row\">\n\n            <div class=\"col-md-6 content-column\">\n\n            <div class=\"fields-subtitle\">\n          <h5> \u00c0 propos de philippe chevrier <\/h5>\n        <\/div>\n        <div class=\"fields-title\">\n          <h3> Le Chef <\/h3>\n        <\/div>\n        <div class=\"fields-description\">\n          <p><b>La cuisine est une v\u00e9ritable vocation pour Philippe Chevrier<\/b>. Une passion transmise par sa maman et sa grand-m\u00e8re, qui avaient pour habitude de pr\u00e9parer une cuisine familiale et g\u00e9n\u00e9reuse. Motiv\u00e9 par le d\u00e9sir de transmettre les \u00e9motions de son enfance, il ouvre son premier \u00e9tablissement \u00e0 seulement 29 ans.<br \/>\nSon style : <b>u<\/b><b>n m\u00e9lange de rigueur et de cr\u00e9ativit\u00e9, de discr\u00e9tion et d\u2019ouverture<\/b>. Loin des tendances \u00e9ph\u00e9m\u00e8res et des effets de mode, il s\u2019inscrit dans la dur\u00e9e et la tradition.<\/p>\n\n        <\/div>\n        <div class=\"button-container-wrapper\">\n\n                      <div class=\"row button-container\">\n              <a href=\"\/fr\/le-chef\/\" class=\"fields-button\">\n                PLUS D&#8217;INFOS \n                <i class=\"fa-solid fa-chevron-right fa-sm\" aria-hidden=\"true\"><\/i>\n              <\/a>\n                                        <\/div>\n            \n\n        <\/div>\n      <\/div>\n\n              <div class=\"col-md-6 image-column image-right bloc-image-gallery\">\n              \n        <div class=\"container-fluid\">\n          <div class=\"row\">\n\n                                    <img decoding=\"async\" class=\"image-haut shadow\" src=\"https:\/\/chevrierconsulting.com\/app\/uploads\/2024\/03\/Philippe-Chevrier-mobile-2.jpg\" alt=\"philippe-chevrier-mobile-2\">\n            \n                        \n                        \n                        \n            \n\n\n\n          <\/div>\n        <\/div>\n\n      <\/div>\n\n    <\/div>\n  <\/div>\n<\/section>\n\n<section class=\"block-image-text bg-right\"  id=\"le-groupe\" style=\"background-color:#f7f7f7; background-image: url('')  ;\">\n  <div class=\"container block-wrapper\">\n    <div class=\"row\">\n      \n      <div class=\"col-md-6 bloc-image-gallery\">\n\n        <div class=\"container-fluid\">\n          <div class=\"row\">\n                                          <img decoding=\"async\" class=\"image-haut shadow\" src=\"https:\/\/chevrierconsulting.com\/app\/uploads\/2024\/09\/Domaine-de-Chateauvieux-\u00a9-Guillaume-Cottancin.jpg\" alt=\"domaine-de-chateauvieux-guillaume-cottancin\">\n              \n                                          \n                                       \n          <\/div>\n        <\/div>\n      <\/div>\n\n      <div class=\"col-md-6 content-column\">\n        <div class=\"fields-subtitle\">\n          <h5> Pr\u00e9sentation <\/h5>\n        <\/div>\n        <div class=\"fields-title\">\n          <h3> Le Groupe <\/h3>\n        <\/div>\n        <div class=\"fields-description\">\n          <p>Artisan de la gastronomie, Philippe Chevrier est aussi <b>un entrepreneur \u00e0 la t\u00eate de plusieurs \u00e9tablissements.<\/b> Des lieux chaleureux et authentiques o\u00f9 la convivialit\u00e9 et l\u2019excellence sont les ma\u00eetres mots. Depuis ses d\u00e9buts dans la restauration, <b>il a d\u00e9velopp\u00e9 une quinzaine de concepts<\/b>. \u00c0 chaque fois, le succ\u00e8s est au rendez-vous. Ce qui le caract\u00e9rise : son sens inn\u00e9 des affaires, la fulgurance de l\u2019id\u00e9e et la vision du long terme.<\/p>\n\n        <\/div>\n        <div class=\"button-container-wrapper\">\n\n                      <div class=\"row button-container\">\n              <a href=\"\/fr\/le-groupe-philippe-chevrier\/\" class=\"fields-button\">\n                PLUS D&#8217;INFOS \n                <i class=\"fa-solid fa-chevron-right fa-sm\" aria-hidden=\"true\"><\/i>\n              <\/a>\n                                        <\/div>\n            \n\n        <\/div>\n      <\/div>\n    <\/div>\n  <\/div>\n<\/section>\n\n\n<section class=\"block-text-image  bg-left\" id=\"consulting\" style=\"background-color:; background-image: url('')  ;\">\n  <div class=\"container block-wrapper\" >\n    <div class=\"row\">\n\n            <div class=\"col-md-6 content-column\">\n\n            <div class=\"fields-subtitle\">\n          <h5> Conseil et accompagnement <\/h5>\n        <\/div>\n        <div class=\"fields-title\">\n          <h3> Consulting <\/h3>\n        <\/div>\n        <div class=\"fields-description\">\n          <p>Philippe Chevrier et son \u00e9quipe vous conseillent et vous accompagnent dans <strong>vos projets d\u2019ouverture, de reprise, de repositionnement ou de d\u00e9veloppement de restaurants<\/strong>.<\/p>\n<p>Fort de <strong>50 ans d\u2019exp\u00e9rience dans la restauration<\/strong> et \u00e0 la t\u00eate d\u2019un groupe de plus de 130 collaborateurs, Philippe Chevrier lance son activit\u00e9 de consulting pour aider les entrepreneurs \u00e0 cr\u00e9er ou d\u00e9velopper leur entreprise dans le secteur de la restauration. Passionn\u00e9 comme au premier jour et entour\u00e9 de collaborateurs experts dans leur domaine<b>,<\/b> il souhaite partager son savoir-faire.<\/p>\n\n        <\/div>\n        <div class=\"button-container-wrapper\">\n\n                      <div class=\"row button-container\">\n              <a href=\"\/fr\/consulting\" class=\"fields-button\">\n                PLUS D&#8217;INFOS \n                <i class=\"fa-solid fa-chevron-right fa-sm\" aria-hidden=\"true\"><\/i>\n              <\/a>\n                                        <\/div>\n            \n\n        <\/div>\n      <\/div>\n\n              <div class=\"col-md-6 image-column image-right bloc-image-gallery\">\n              \n        <div class=\"container-fluid\">\n          <div class=\"row\">\n\n                                    <img decoding=\"async\" class=\"image-haut shadow\" src=\"https:\/\/chevrierconsulting.com\/app\/uploads\/2024\/04\/Philippe-Chevrier-truffe-noire.jpg\" alt=\"philippe-chevrier-truffe-noire\">\n            \n                        \n                        \n                        \n            \n\n\n\n          <\/div>\n        <\/div>\n\n      <\/div>\n\n    <\/div>\n  <\/div>\n<\/section>\n\n<section class=\"block-image-text bg-right\"  id=\"le-groupe\" style=\"background-color:#f7f7f7; background-image: url('')  ;\">\n  <div class=\"container block-wrapper\">\n    <div class=\"row\">\n      \n      <div class=\"col-md-6 bloc-image-gallery\">\n\n        <div class=\"container-fluid\">\n          <div class=\"row\">\n                                          <img decoding=\"async\" class=\"image-haut shadow\" src=\"https:\/\/chevrierconsulting.com\/app\/uploads\/2024\/04\/Chez-Philippe-Bar-2.jpg\" alt=\"chez-philippe-bar-2\">\n              \n                                          \n                                       \n          <\/div>\n        <\/div>\n      <\/div>\n\n      <div class=\"col-md-6 content-column\">\n        <div class=\"fields-subtitle\">\n          <h5> Vous souhaitez ouvrir une franchise ? <\/h5>\n        <\/div>\n        <div class=\"fields-title\">\n          <h3> Franchises <\/h3>\n        <\/div>\n        <div class=\"fields-description\">\n          <p class=\"p2\">Philippe Chevrier vous propose de d\u00e9velopper des franchises de <strong>deux concepts \u00e0 succ\u00e8s<\/strong> : <strong><i>Chez Philippe<\/i><\/strong>, le bar-grill inspir\u00e9 par les steak-house new-yorkais ou <strong><i>Denise\u2019s Art of Burger<\/i><\/strong>, les burgers gastronomiques savoureux et cr\u00e9atifs. Des \u00e9tablissements ouverts en 2014 et en 2015, qui sont connus et reconnus \u00e0 Gen\u00e8ve.<span class=\"Apple-converted-space\">\u00a0<\/span><\/p>\n\n        <\/div>\n        <div class=\"button-container-wrapper\">\n\n                      <div class=\"row button-container\">\n              <a href=\"\/fr\/franchises\" class=\"fields-button\">\n                PLUS D&#8217;INFOS \n                <i class=\"fa-solid fa-chevron-right fa-sm\" aria-hidden=\"true\"><\/i>\n              <\/a>\n                                        <\/div>\n            \n\n        <\/div>\n      <\/div>\n    <\/div>\n  <\/div>\n<\/section>\n","protected":false},"excerpt":{"rendered":"","protected":false},"author":2,"featured_media":0,"parent":0,"menu_order":0,"comment_status":"closed","ping_status":"closed","template":"","meta":{"inline_featured_image":false,"footnotes":""},"acf":[],"yoast_head":"<!-- This site is optimized with the Yoast SEO plugin v20.13 - https:\/\/yoast.com\/wordpress\/plugins\/seo\/ -->\n<title>Accueil - Philippe Chevrier Consulting<\/title>\n<meta name=\"description\" content=\"Philippe Chevrier et son \u00e9quipe vous accompagnent dans vos projets d\u2019ouverture, reprise, repositionnement ou d\u00e9veloppement de restaurants\" \/>\n<meta name=\"robots\" content=\"index, follow, max-snippet:-1, max-image-preview:large, max-video-preview:-1\" \/>\n<link rel=\"canonical\" href=\"https:\/\/chevrierconsulting.com\/fr\/\" \/>\n<meta property=\"og:locale\" content=\"fr_FR\" \/>\n<meta property=\"og:type\" content=\"article\" \/>\n<meta property=\"og:title\" content=\"Accueil - Philippe Chevrier Consulting\" \/>\n<meta property=\"og:description\" content=\"Philippe Chevrier et son \u00e9quipe vous accompagnent dans vos projets d\u2019ouverture, reprise, repositionnement ou d\u00e9veloppement de restaurants\" \/>\n<meta property=\"og:url\" content=\"https:\/\/chevrierconsulting.com\/fr\/\" \/>\n<meta property=\"og:site_name\" content=\"Philippe Chevrier Consulting\" \/>\n<meta property=\"article:modified_time\" content=\"2024-12-04T09:14:40+00:00\" \/>\n<meta name=\"twitter:card\" content=\"summary_large_image\" \/>\n<script type=\"application\/ld+json\" class=\"yoast-schema-graph\">{\"@context\":\"https:\/\/schema.org\",\"@graph\":[{\"@type\":\"WebPage\",\"@id\":\"https:\/\/chevrierconsulting.com\/fr\/\",\"url\":\"https:\/\/chevrierconsulting.com\/fr\/\",\"name\":\"Accueil - Philippe Chevrier Consulting\",\"isPartOf\":{\"@id\":\"https:\/\/chevrierconsulting.com\/fr\/#website\"},\"datePublished\":\"2022-09-02T08:09:05+00:00\",\"dateModified\":\"2024-12-04T09:14:40+00:00\",\"description\":\"Philippe Chevrier et son \u00e9quipe vous accompagnent dans vos projets d\u2019ouverture, reprise, repositionnement ou d\u00e9veloppement de restaurants\",\"breadcrumb\":{\"@id\":\"https:\/\/chevrierconsulting.com\/fr\/#breadcrumb\"},\"inLanguage\":\"fr-FR\",\"potentialAction\":[{\"@type\":\"ReadAction\",\"target\":[\"https:\/\/chevrierconsulting.com\/fr\/\"]}]},{\"@type\":\"BreadcrumbList\",\"@id\":\"https:\/\/chevrierconsulting.com\/fr\/#breadcrumb\",\"itemListElement\":[{\"@type\":\"ListItem\",\"position\":1,\"name\":\"Home\",\"item\":\"https:\/\/chevrierconsulting.com\/fr\/\"},{\"@type\":\"ListItem\",\"position\":2,\"name\":\"Accueil\"}]},{\"@type\":\"WebSite\",\"@id\":\"https:\/\/chevrierconsulting.com\/fr\/#website\",\"url\":\"https:\/\/chevrierconsulting.com\/fr\/\",\"name\":\"Philippe Chevrier Consulting\",\"description\":\"Philippe Chevrier vous accompagne dans vos projets\",\"publisher\":{\"@id\":\"https:\/\/chevrierconsulting.com\/fr\/#organization\"},\"potentialAction\":[{\"@type\":\"SearchAction\",\"target\":{\"@type\":\"EntryPoint\",\"urlTemplate\":\"https:\/\/chevrierconsulting.com\/fr\/?s={search_term_string}\"},\"query-input\":\"required name=search_term_string\"}],\"inLanguage\":\"fr-FR\"},{\"@type\":\"Organization\",\"@id\":\"https:\/\/chevrierconsulting.com\/fr\/#organization\",\"name\":\"Philippe Chevrier Consulting\",\"url\":\"https:\/\/chevrierconsulting.com\/fr\/\",\"logo\":{\"@type\":\"ImageObject\",\"inLanguage\":\"fr-FR\",\"@id\":\"https:\/\/chevrierconsulting.com\/fr\/#\/schema\/logo\/image\/\",\"url\":\"https:\/\/chevrierconsulting.com\/app\/uploads\/2024\/03\/PCC_Logo_Positif.svg\",\"contentUrl\":\"https:\/\/chevrierconsulting.com\/app\/uploads\/2024\/03\/PCC_Logo_Positif.svg\",\"caption\":\"Philippe Chevrier Consulting\"},\"image\":{\"@id\":\"https:\/\/chevrierconsulting.com\/fr\/#\/schema\/logo\/image\/\"}}]}<\/script>\n<!-- \/ Yoast SEO plugin. -->","yoast_head_json":{"title":"Accueil - Philippe Chevrier Consulting","description":"Philippe Chevrier et son \u00e9quipe vous accompagnent dans vos projets d\u2019ouverture, reprise, repositionnement ou d\u00e9veloppement de restaurants","robots":{"index":"index","follow":"follow","max-snippet":"max-snippet:-1","max-image-preview":"max-image-preview:large","max-video-preview":"max-video-preview:-1"},"canonical":"https:\/\/chevrierconsulting.com\/fr\/","og_locale":"fr_FR","og_type":"article","og_title":"Accueil - Philippe Chevrier Consulting","og_description":"Philippe Chevrier et son \u00e9quipe vous accompagnent dans vos projets d\u2019ouverture, reprise, repositionnement ou d\u00e9veloppement de restaurants","og_url":"https:\/\/chevrierconsulting.com\/fr\/","og_site_name":"Philippe Chevrier Consulting","article_modified_time":"2024-12-04T09:14:40+00:00","twitter_card":"summary_large_image","schema":{"@context":"https:\/\/schema.org","@graph":[{"@type":"WebPage","@id":"https:\/\/chevrierconsulting.com\/fr\/","url":"https:\/\/chevrierconsulting.com\/fr\/","name":"Accueil - Philippe Chevrier Consulting","isPartOf":{"@id":"https:\/\/chevrierconsulting.com\/fr\/#website"},"datePublished":"2022-09-02T08:09:05+00:00","dateModified":"2024-12-04T09:14:40+00:00","description":"Philippe Chevrier et son \u00e9quipe vous accompagnent dans vos projets d\u2019ouverture, reprise, repositionnement ou d\u00e9veloppement de restaurants","breadcrumb":{"@id":"https:\/\/chevrierconsulting.com\/fr\/#breadcrumb"},"inLanguage":"fr-FR","potentialAction":[{"@type":"ReadAction","target":["https:\/\/chevrierconsulting.com\/fr\/"]}]},{"@type":"BreadcrumbList","@id":"https:\/\/chevrierconsulting.com\/fr\/#breadcrumb","itemListElement":[{"@type":"ListItem","position":1,"name":"Home","item":"https:\/\/chevrierconsulting.com\/fr\/"},{"@type":"ListItem","position":2,"name":"Accueil"}]},{"@type":"WebSite","@id":"https:\/\/chevrierconsulting.com\/fr\/#website","url":"https:\/\/chevrierconsulting.com\/fr\/","name":"Philippe Chevrier Consulting","description":"Philippe Chevrier vous accompagne dans vos projets","publisher":{"@id":"https:\/\/chevrierconsulting.com\/fr\/#organization"},"potentialAction":[{"@type":"SearchAction","target":{"@type":"EntryPoint","urlTemplate":"https:\/\/chevrierconsulting.com\/fr\/?s={search_term_string}"},"query-input":"required name=search_term_string"}],"inLanguage":"fr-FR"},{"@type":"Organization","@id":"https:\/\/chevrierconsulting.com\/fr\/#organization","name":"Philippe Chevrier Consulting","url":"https:\/\/chevrierconsulting.com\/fr\/","logo":{"@type":"ImageObject","inLanguage":"fr-FR","@id":"https:\/\/chevrierconsulting.com\/fr\/#\/schema\/logo\/image\/","url":"https:\/\/chevrierconsulting.com\/app\/uploads\/2024\/03\/PCC_Logo_Positif.svg","contentUrl":"https:\/\/chevrierconsulting.com\/app\/uploads\/2024\/03\/PCC_Logo_Positif.svg","caption":"Philippe Chevrier Consulting"},"image":{"@id":"https:\/\/chevrierconsulting.com\/fr\/#\/schema\/logo\/image\/"}}]}},"_links":{"self":[{"href":"https:\/\/chevrierconsulting.com\/fr\/wp-json\/wp\/v2\/pages\/318"}],"collection":[{"href":"https:\/\/chevrierconsulting.com\/fr\/wp-json\/wp\/v2\/pages"}],"about":[{"href":"https:\/\/chevrierconsulting.com\/fr\/wp-json\/wp\/v2\/types\/page"}],"author":[{"embeddable":true,"href":"https:\/\/chevrierconsulting.com\/fr\/wp-json\/wp\/v2\/users\/2"}],"replies":[{"embeddable":true,"href":"https:\/\/chevrierconsulting.com\/fr\/wp-json\/wp\/v2\/comments?post=318"}],"version-history":[{"count":1093,"href":"https:\/\/chevrierconsulting.com\/fr\/wp-json\/wp\/v2\/pages\/318\/revisions"}],"predecessor-version":[{"id":9318,"href":"https:\/\/chevrierconsulting.com\/fr\/wp-json\/wp\/v2\/pages\/318\/revisions\/9318"}],"wp:attachment":[{"href":"https:\/\/chevrierconsulting.com\/fr\/wp-json\/wp\/v2\/media?parent=318"}],"curies":[{"name":"wp","href":"https:\/\/api.w.org\/{rel}","templated":true}]}}