





{"id":735,"date":"2022-09-23T09:49:26","date_gmt":"2022-09-23T07:49:26","guid":{"rendered":"https:\/\/chateauvieux.monsieurbouillon.ch\/?page_id=735"},"modified":"2024-05-15T14:59:55","modified_gmt":"2024-05-15T12:59:55","slug":"contact","status":"publish","type":"page","link":"https:\/\/chevrierconsulting.com\/fr\/contact\/","title":{"rendered":"Contact"},"content":{"rendered":"  <div class=\" container hero-page shadow\" style=\"background-image:  url('https:\/\/chevrierconsulting.com\/app\/uploads\/2024\/04\/Contactez-nous-1.jpg');\" id=\"hero_block\">\n      <section class=\"gradient-top-header\"><\/section>\n\n          \n\n      <h1 class=\"hero-title\">\n     <p>Contactez-nous et parlez-nous de votre projet<\/p>\n \n    <\/h1>\n   \n  \n           \n  <a href=\"#site-content\" class=\"skip hero-new-button\">\n    <i class=\"fa-solid fa-chevron-down\"><\/i>\n  <\/a>\n<\/div>\n\n<div id=\"site-content\"><\/div>\n\n<div class=\"container\">\n  <div class=\"row\">\n    <div class=\"col-md-12\">  <\/div>\n  <\/div>\n<\/div>\n  \n<div class=\"wpcf7 no-js\" id=\"wpcf7-f729-o1\" lang=\"fr-FR\" dir=\"ltr\">\n<div class=\"screen-reader-response\"><p role=\"status\" aria-live=\"polite\" aria-atomic=\"true\"><\/p> <ul><\/ul><\/div>\n<form action=\"\/fr\/wp-json\/wp\/v2\/pages\/735#wpcf7-f729-o1\" method=\"post\" class=\"wpcf7-form init\" aria-label=\"Contact form\" novalidate=\"novalidate\" data-status=\"init\">\n<div style=\"display: none;\">\n<input type=\"hidden\" name=\"_wpcf7\" value=\"729\" \/>\n<input type=\"hidden\" name=\"_wpcf7_version\" value=\"5.9.3\" \/>\n<input type=\"hidden\" name=\"_wpcf7_locale\" value=\"fr_FR\" \/>\n<input type=\"hidden\" name=\"_wpcf7_unit_tag\" value=\"wpcf7-f729-o1\" \/>\n<input type=\"hidden\" name=\"_wpcf7_container_post\" value=\"0\" \/>\n<input type=\"hidden\" name=\"_wpcf7_posted_data_hash\" value=\"\" \/>\n<input type=\"hidden\" name=\"_wpcf7_recaptcha_response\" value=\"\" \/>\n<\/div>\n<section class=\"form-container\">\n\t<div class=\"container\">\n\t\t<div class=\"row\">\n\t\t\t<div class=\"col-md-8\">\n\t\t\t\t<div class=\"inside-form\">\n\t\t\t\t\t<div class=\"row\">\n\t\t\t\t\t\t<h3>Contactez-nous\n\t\t\t\t\t\t<\/h3>\n\t\t\t\t\t\t<p class=\"sub\">Parlez-nous de votre projet\n\t\t\t\t\t\t<\/p>\n\t\t\t\t\t<\/div>\n\t\t\t\t\t<div class=\"row\">\n\t\t\t\t\t\t<div class=\"col-md-6 name-col\">\n\t\t\t\t\t\t\t<p><label>Nom<\/label><span class=\"wpcf7-form-control-wrap\" data-name=\"your-name\"><input size=\"40\" class=\"wpcf7-form-control wpcf7-text wpcf7-validates-as-required\" aria-required=\"true\" aria-invalid=\"false\" placeholder=\"Nom\" value=\"\" type=\"text\" name=\"your-name\" \/><\/span><span class=\"required\">*<\/span>\n\t\t\t\t\t\t\t<\/p>\n\t\t\t\t\t\t<\/div>\n\t\t\t\t\t\t<div class=\"col-md-6 firstname-col\">\n\t\t\t\t\t\t\t<p><label>Pr\u00e9nom<\/label><span class=\"wpcf7-form-control-wrap\" data-name=\"your-firstname\"><input size=\"40\" class=\"wpcf7-form-control wpcf7-text wpcf7-validates-as-required\" aria-required=\"true\" aria-invalid=\"false\" placeholder=\"Pr\u00e9nom\" value=\"\" type=\"text\" name=\"your-firstname\" \/><\/span><span class=\"required\">*<\/span>\n\t\t\t\t\t\t\t<\/p>\n\t\t\t\t\t\t<\/div>\n\t\t\t\t\t<\/div>\n\t\t\t\t\t<div class=\"row\">\n\t\t\t\t\t\t<div class=\"col-md-6 email-col\">\n\t\t\t\t\t\t\t<p><label>E-mail<\/label><span class=\"wpcf7-form-control-wrap\" data-name=\"your-email\"><input size=\"40\" class=\"wpcf7-form-control wpcf7-email wpcf7-validates-as-required wpcf7-text wpcf7-validates-as-email\" aria-required=\"true\" aria-invalid=\"false\" placeholder=\"E-mail\" value=\"\" type=\"email\" name=\"your-email\" \/><\/span><span class=\"required\">*<\/span>\n\t\t\t\t\t\t\t<\/p>\n\t\t\t\t\t\t<\/div>\n\t\t\t\t\t\t<div class=\"col-md-6 phone-col\">\n\t\t\t\t\t\t\t<p><label>T\u00e9l\u00e9phone<\/label><span class=\"wpcf7-form-control-wrap\" data-name=\"your-phone\"><input size=\"40\" class=\"wpcf7-form-control wpcf7-tel wpcf7-validates-as-required wpcf7-text wpcf7-validates-as-tel\" aria-required=\"true\" aria-invalid=\"false\" placeholder=\"T\u00e9l\u00e9phone\" value=\"\" type=\"tel\" name=\"your-phone\" \/><\/span><span class=\"required\">*<\/span>\n\t\t\t\t\t\t\t<\/p>\n\t\t\t\t\t\t<\/div>\n\t\t\t\t\t<\/div>\n\t\t\t\t\t<div class=\"row\">\n\t\t\t\t\t\t<div class=\"col-md-12 adress-col\">\n\t\t\t\t\t\t\t<p><label>Adresse<\/label><span class=\"wpcf7-form-control-wrap\" data-name=\"your-adress\"><input size=\"40\" class=\"wpcf7-form-control wpcf7-text\" aria-invalid=\"false\" placeholder=\"Adresse\" value=\"\" type=\"text\" name=\"your-adress\" \/><\/span>\n\t\t\t\t\t\t\t<\/p>\n\t\t\t\t\t\t<\/div>\n\t\t\t\t\t<\/div>\n\t\t\t\t\t<div class=\"row\">\n\t\t\t\t\t\t<div class=\"col-md-6 zip-col\">\n\t\t\t\t\t\t\t<p><label>Code Postal<\/label><span class=\"wpcf7-form-control-wrap\" data-name=\"your-zip-code\"><input size=\"40\" class=\"wpcf7-form-control wpcf7-text\" aria-invalid=\"false\" placeholder=\"Code Postal\" value=\"\" type=\"text\" name=\"your-zip-code\" \/><\/span>\n\t\t\t\t\t\t\t<\/p>\n\t\t\t\t\t\t<\/div>\n\t\t\t\t\t\t<div class=\"col-md-6 town-col\">\n\t\t\t\t\t\t\t<p><label>Ville<\/label><span class=\"wpcf7-form-control-wrap\" data-name=\"your-town\"><input size=\"40\" class=\"wpcf7-form-control wpcf7-text\" aria-invalid=\"false\" placeholder=\"Ville\" value=\"\" type=\"text\" name=\"your-town\" \/><\/span>\n\t\t\t\t\t\t\t<\/p>\n\t\t\t\t\t\t<\/div>\n\t\t\t\t\t<\/div>\n\t\t\t\t\t<div class=\"row\">\n\t\t\t\t\t\t<div class=\"col-md-12 subject-col\">\n\t\t\t\t\t\t\t<p><label>Objet<\/label><span class=\"wpcf7-form-control-wrap\" data-name=\"your-subject\"><input size=\"40\" class=\"wpcf7-form-control wpcf7-text wpcf7-validates-as-required\" aria-required=\"true\" aria-invalid=\"false\" placeholder=\"Objet\" value=\"\" type=\"text\" name=\"your-subject\" \/><\/span><span class=\"required\">*<\/span>\n\t\t\t\t\t\t\t<\/p>\n\t\t\t\t\t\t<\/div>\n\t\t\t\t\t<\/div>\n\t\t\t\t\t<div class=\"row\">\n\t\t\t\t\t\t<div class=\"col-md-12 message-col\">\n\t\t\t\t\t\t\t<p><label> Message<\/label><span class=\"wpcf7-form-control-wrap\" data-name=\"your-message\"><textarea cols=\"40\" rows=\"10\" class=\"wpcf7-form-control wpcf7-textarea wpcf7-validates-as-required\" aria-required=\"true\" aria-invalid=\"false\" placeholder=\"Message\" name=\"your-message\"><\/textarea><\/span><span class=\"required\">*<\/span>\n\t\t\t\t\t\t\t<\/p>\n\t\t\t\t\t\t<\/div>\n\t\t\t\t\t\t<div class=\"col-md-12 button-col\">\n\t\t\t\t\t\t\t<p><input class=\"wpcf7-form-control wpcf7-submit has-spinner fields-button\" type=\"submit\" value=\"ENVOYER\" \/>\n\t\t\t\t\t\t\t<\/p>\n\t\t\t\t\t\t<\/div>\n\t\t\t\t\t<\/div>\n\t\t\t\t<\/div>\n\t\t\t<\/div>\n\t\t\t<div class=\"col-md-4\">\n\t\t\t\t<div class=\"inside-contact\">\n\t\t\t\t\t<h3><i class=\"fa-solid fa-location-dot\" aria-hidden=\"true\"><\/i> Si\u00e8ge social\n\t\t\t\t\t<\/h3>\n\t\t\t\t\t<p>Chemin de Ch\u00e2teauvieux 16, 1242 Satigny\n\t\t\t\t\t<\/p>\n\t\t\t\t\t<h3><i class=\"fa-solid fa-phone\" aria-hidden=\"true\"><\/i> T\u00e9l\u00e9phone\n\t\t\t\t\t<\/h3>\n\t\t\t\t\t<p>+41 (0)22 753 92 10\n\t\t\t\t\t<\/p>\n\t\t\t\t\t<h3><i class=\"fa-solid fa-envelope\" aria-hidden=\"true\"><\/i> E-mail\n\t\t\t\t\t<\/h3>\n\t\t\t\t\t<p><a href=\"mailto:info@philippe-chevrier.com\">info@philippe-chevrier.com<\/a>\n\t\t\t\t\t<\/p>\n\t\t\t\t<\/div>\n\t\t\t<\/div>\n\t\t<\/div>\n\t<\/div>\n<\/section><div class=\"wpcf7-response-output\" aria-hidden=\"true\"><\/div>\n<\/form>\n<\/div>\n\n\n","protected":false},"excerpt":{"rendered":"","protected":false},"author":2,"featured_media":0,"parent":0,"menu_order":0,"comment_status":"closed","ping_status":"closed","template":"","meta":{"inline_featured_image":false,"footnotes":""},"acf":[],"yoast_head":"<!-- This site is optimized with the Yoast SEO plugin v20.13 - https:\/\/yoast.com\/wordpress\/plugins\/seo\/ -->\n<title>Contact - Philippe Chevrier Consulting<\/title>\n<meta name=\"description\" content=\"Contactez-nous pour nous pr\u00e9senter votre projet. Notre \u00e9quipe est \u00e0 votre \u00e9coute pour vous proposer une solution sur-mesure.\" \/>\n<meta name=\"robots\" content=\"index, follow, max-snippet:-1, max-image-preview:large, max-video-preview:-1\" \/>\n<link rel=\"canonical\" href=\"https:\/\/chevrierconsulting.com\/fr\/contact\/\" \/>\n<meta property=\"og:locale\" content=\"fr_FR\" \/>\n<meta property=\"og:type\" content=\"article\" \/>\n<meta property=\"og:title\" content=\"Contact - Philippe Chevrier Consulting\" \/>\n<meta property=\"og:description\" content=\"Contactez-nous pour nous pr\u00e9senter votre projet. Notre \u00e9quipe est \u00e0 votre \u00e9coute pour vous proposer une solution sur-mesure.\" \/>\n<meta property=\"og:url\" content=\"https:\/\/chevrierconsulting.com\/fr\/contact\/\" \/>\n<meta property=\"og:site_name\" content=\"Philippe Chevrier Consulting\" \/>\n<meta property=\"article:modified_time\" content=\"2024-05-15T12:59:55+00:00\" \/>\n<meta name=\"twitter:card\" content=\"summary_large_image\" \/>\n<script type=\"application\/ld+json\" class=\"yoast-schema-graph\">{\"@context\":\"https:\/\/schema.org\",\"@graph\":[{\"@type\":\"WebPage\",\"@id\":\"https:\/\/chevrierconsulting.com\/fr\/contact\/\",\"url\":\"https:\/\/chevrierconsulting.com\/fr\/contact\/\",\"name\":\"Contact - Philippe Chevrier Consulting\",\"isPartOf\":{\"@id\":\"https:\/\/chevrierconsulting.com\/fr\/#website\"},\"datePublished\":\"2022-09-23T07:49:26+00:00\",\"dateModified\":\"2024-05-15T12:59:55+00:00\",\"description\":\"Contactez-nous pour nous pr\u00e9senter votre projet. Notre \u00e9quipe est \u00e0 votre \u00e9coute pour vous proposer une solution sur-mesure.\",\"breadcrumb\":{\"@id\":\"https:\/\/chevrierconsulting.com\/fr\/contact\/#breadcrumb\"},\"inLanguage\":\"fr-FR\",\"potentialAction\":[{\"@type\":\"ReadAction\",\"target\":[\"https:\/\/chevrierconsulting.com\/fr\/contact\/\"]}]},{\"@type\":\"BreadcrumbList\",\"@id\":\"https:\/\/chevrierconsulting.com\/fr\/contact\/#breadcrumb\",\"itemListElement\":[{\"@type\":\"ListItem\",\"position\":1,\"name\":\"Home\",\"item\":\"https:\/\/chevrierconsulting.com\/fr\/\"},{\"@type\":\"ListItem\",\"position\":2,\"name\":\"Contact\"}]},{\"@type\":\"WebSite\",\"@id\":\"https:\/\/chevrierconsulting.com\/fr\/#website\",\"url\":\"https:\/\/chevrierconsulting.com\/fr\/\",\"name\":\"Philippe Chevrier Consulting\",\"description\":\"Philippe Chevrier vous accompagne dans vos projets\",\"publisher\":{\"@id\":\"https:\/\/chevrierconsulting.com\/fr\/#organization\"},\"potentialAction\":[{\"@type\":\"SearchAction\",\"target\":{\"@type\":\"EntryPoint\",\"urlTemplate\":\"https:\/\/chevrierconsulting.com\/fr\/?s={search_term_string}\"},\"query-input\":\"required name=search_term_string\"}],\"inLanguage\":\"fr-FR\"},{\"@type\":\"Organization\",\"@id\":\"https:\/\/chevrierconsulting.com\/fr\/#organization\",\"name\":\"Philippe Chevrier Consulting\",\"url\":\"https:\/\/chevrierconsulting.com\/fr\/\",\"logo\":{\"@type\":\"ImageObject\",\"inLanguage\":\"fr-FR\",\"@id\":\"https:\/\/chevrierconsulting.com\/fr\/#\/schema\/logo\/image\/\",\"url\":\"https:\/\/chevrierconsulting.com\/app\/uploads\/2024\/03\/PCC_Logo_Positif.svg\",\"contentUrl\":\"https:\/\/chevrierconsulting.com\/app\/uploads\/2024\/03\/PCC_Logo_Positif.svg\",\"caption\":\"Philippe Chevrier Consulting\"},\"image\":{\"@id\":\"https:\/\/chevrierconsulting.com\/fr\/#\/schema\/logo\/image\/\"}}]}<\/script>\n<!-- \/ Yoast SEO plugin. -->","yoast_head_json":{"title":"Contact - Philippe Chevrier Consulting","description":"Contactez-nous pour nous pr\u00e9senter votre projet. Notre \u00e9quipe est \u00e0 votre \u00e9coute pour vous proposer une solution sur-mesure.","robots":{"index":"index","follow":"follow","max-snippet":"max-snippet:-1","max-image-preview":"max-image-preview:large","max-video-preview":"max-video-preview:-1"},"canonical":"https:\/\/chevrierconsulting.com\/fr\/contact\/","og_locale":"fr_FR","og_type":"article","og_title":"Contact - Philippe Chevrier Consulting","og_description":"Contactez-nous pour nous pr\u00e9senter votre projet. Notre \u00e9quipe est \u00e0 votre \u00e9coute pour vous proposer une solution sur-mesure.","og_url":"https:\/\/chevrierconsulting.com\/fr\/contact\/","og_site_name":"Philippe Chevrier Consulting","article_modified_time":"2024-05-15T12:59:55+00:00","twitter_card":"summary_large_image","schema":{"@context":"https:\/\/schema.org","@graph":[{"@type":"WebPage","@id":"https:\/\/chevrierconsulting.com\/fr\/contact\/","url":"https:\/\/chevrierconsulting.com\/fr\/contact\/","name":"Contact - Philippe Chevrier Consulting","isPartOf":{"@id":"https:\/\/chevrierconsulting.com\/fr\/#website"},"datePublished":"2022-09-23T07:49:26+00:00","dateModified":"2024-05-15T12:59:55+00:00","description":"Contactez-nous pour nous pr\u00e9senter votre projet. Notre \u00e9quipe est \u00e0 votre \u00e9coute pour vous proposer une solution sur-mesure.","breadcrumb":{"@id":"https:\/\/chevrierconsulting.com\/fr\/contact\/#breadcrumb"},"inLanguage":"fr-FR","potentialAction":[{"@type":"ReadAction","target":["https:\/\/chevrierconsulting.com\/fr\/contact\/"]}]},{"@type":"BreadcrumbList","@id":"https:\/\/chevrierconsulting.com\/fr\/contact\/#breadcrumb","itemListElement":[{"@type":"ListItem","position":1,"name":"Home","item":"https:\/\/chevrierconsulting.com\/fr\/"},{"@type":"ListItem","position":2,"name":"Contact"}]},{"@type":"WebSite","@id":"https:\/\/chevrierconsulting.com\/fr\/#website","url":"https:\/\/chevrierconsulting.com\/fr\/","name":"Philippe Chevrier Consulting","description":"Philippe Chevrier vous accompagne dans vos projets","publisher":{"@id":"https:\/\/chevrierconsulting.com\/fr\/#organization"},"potentialAction":[{"@type":"SearchAction","target":{"@type":"EntryPoint","urlTemplate":"https:\/\/chevrierconsulting.com\/fr\/?s={search_term_string}"},"query-input":"required name=search_term_string"}],"inLanguage":"fr-FR"},{"@type":"Organization","@id":"https:\/\/chevrierconsulting.com\/fr\/#organization","name":"Philippe Chevrier Consulting","url":"https:\/\/chevrierconsulting.com\/fr\/","logo":{"@type":"ImageObject","inLanguage":"fr-FR","@id":"https:\/\/chevrierconsulting.com\/fr\/#\/schema\/logo\/image\/","url":"https:\/\/chevrierconsulting.com\/app\/uploads\/2024\/03\/PCC_Logo_Positif.svg","contentUrl":"https:\/\/chevrierconsulting.com\/app\/uploads\/2024\/03\/PCC_Logo_Positif.svg","caption":"Philippe Chevrier Consulting"},"image":{"@id":"https:\/\/chevrierconsulting.com\/fr\/#\/schema\/logo\/image\/"}}]}},"_links":{"self":[{"href":"https:\/\/chevrierconsulting.com\/fr\/wp-json\/wp\/v2\/pages\/735"}],"collection":[{"href":"https:\/\/chevrierconsulting.com\/fr\/wp-json\/wp\/v2\/pages"}],"about":[{"href":"https:\/\/chevrierconsulting.com\/fr\/wp-json\/wp\/v2\/types\/page"}],"author":[{"embeddable":true,"href":"https:\/\/chevrierconsulting.com\/fr\/wp-json\/wp\/v2\/users\/2"}],"replies":[{"embeddable":true,"href":"https:\/\/chevrierconsulting.com\/fr\/wp-json\/wp\/v2\/comments?post=735"}],"version-history":[{"count":111,"href":"https:\/\/chevrierconsulting.com\/fr\/wp-json\/wp\/v2\/pages\/735\/revisions"}],"predecessor-version":[{"id":9195,"href":"https:\/\/chevrierconsulting.com\/fr\/wp-json\/wp\/v2\/pages\/735\/revisions\/9195"}],"wp:attachment":[{"href":"https:\/\/chevrierconsulting.com\/fr\/wp-json\/wp\/v2\/media?parent=735"}],"curies":[{"name":"wp","href":"https:\/\/api.w.org\/{rel}","templated":true}]}}