





{"id":7927,"date":"2024-03-14T13:27:04","date_gmt":"2024-03-14T12:27:04","guid":{"rendered":"https:\/\/x80ymbgtfu.preview.infomaniak.website\/?page_id=7927"},"modified":"2024-05-15T15:02:49","modified_gmt":"2024-05-15T13:02:49","slug":"le-chef","status":"publish","type":"page","link":"https:\/\/chevrierconsulting.com\/fr\/le-chef\/","title":{"rendered":"Le Chef"},"content":{"rendered":"  <div class=\" container hero-page shadow\" style=\"background-image:  url('https:\/\/chevrierconsulting.com\/app\/uploads\/2024\/04\/Philippe-Chevrier-5-2.jpg');\" id=\"hero_block\">\n      <section class=\"gradient-top-header\"><\/section>\n\n          \n\n      <h1 class=\"hero-title\">\n     <p>\u00c0 propos de Philippe Chevrier<\/p>\n \n    <\/h1>\n   \n  \n           \n  <a href=\"#site-content\" class=\"skip hero-new-button\">\n    <i class=\"fa-solid fa-chevron-down\"><\/i>\n  <\/a>\n<\/div>\n\n<div id=\"site-content\"><\/div>\n\n<section class=\"block-text-image  bg-left\" id=\"\" style=\"background-color:; background-image: url('')  ;\">\n  <div class=\"container block-wrapper\" >\n    <div class=\"row\">\n\n            <div class=\"col-md-6 content-column\">\n\n            <div class=\"fields-subtitle\">\n          <h5> La cuisine : une v\u00e9ritable vocation  <\/h5>\n        <\/div>\n        <div class=\"fields-title\">\n          <h3> Philippe Chevrier <\/h3>\n        <\/div>\n        <div class=\"fields-description\">\n          <p>La cuisine est <b>une vocation, transmise par sa maman et sa grand-m\u00e8re.<\/b> Motiv\u00e9 par le d\u00e9sir de transmettre les \u00e9motions de son enfance, le Chef ouvre son premier \u00e9tablissement \u00e0 29 ans.<\/p>\n<p>Son style : <b>u<\/b><b>n m\u00e9lange de rigueur et de cr\u00e9ativit\u00e9, de discr\u00e9tion et d\u2019ouverture<\/b>. Loin des tendances \u00e9ph\u00e9m\u00e8res et des effets de mode, il s\u2019inscrit dans la dur\u00e9e et la tradition. Sous une forme acad\u00e9mique, respectueuse mais souvent audacieuse, il propose une cuisine de saison, subtile et d\u00e9licate, qui met en valeur le produit.<\/p>\n<p>Philippe Chevrier est <b>un entrepreneur passionn\u00e9, <\/b><b>anim\u00e9 par des valeurs fortes <\/b>: la simplicit\u00e9, la transmission, la fid\u00e9lit\u00e9 et le travail. Dans les \u00ab maisons \u00bb Chevrier, la convivialit\u00e9 et le sens de l\u2019accueil sont une \u00e9vidence. L\u2019humain est au centre, comme en t\u00e9moignent la consid\u00e9ration et l\u2019amiti\u00e9 que lui portent ses clients, mais aussi l\u2019attachement de ses collaborateurs. <b>Conscient des nouvelles attentes <\/b><b>et de l\u2019\u00e9volution des m\u00e9tiers de la restauration<\/b>, Philippe Chevrier forme la nouvelle g\u00e9n\u00e9ration de Chefs et de cuisiniers.<\/p>\n\n        <\/div>\n        <div class=\"button-container-wrapper\">\n\n                    \n\n        <\/div>\n      <\/div>\n\n              <div class=\"col-md-6 image-column image-right bloc-image-gallery\">\n              \n        <div class=\"container-fluid\">\n          <div class=\"row\">\n\n                        \n                                                                      <div class=\"col-lg-6 col-md-12 mb-4 mb-lg-0\">\n                                    <img decoding=\"async\" class=\"w-100 shadow-1-strong mb-4 shadow\" src=\"https:\/\/chevrierconsulting.com\/app\/uploads\/2024\/04\/02.jpg\" alt=\"field_image['alt']\"\/> \n\n                                                                  <img decoding=\"async\" class=\"w-100 shadow-1-strong mb-4 shadow\" src=\"https:\/\/chevrierconsulting.com\/app\/uploads\/2024\/04\/Domaine-de-Chateauvieux.jpg\" alt=\"field_image['alt']\"\/> \n\n                                <\/div>\n                                                              <div class=\"col-lg-6 col-md-12 mb-4 mb-lg-0\">\n                                    <img decoding=\"async\" class=\"w-100 shadow-1-strong mb-4 shadow\" src=\"https:\/\/chevrierconsulting.com\/app\/uploads\/2024\/03\/Philippe-Chevrier-1-333x500-1.jpg\" alt=\"field_image['alt']\"\/> \n\n                                                                  <img decoding=\"async\" class=\"w-100 shadow-1-strong mb-4 shadow\" src=\"https:\/\/chevrierconsulting.com\/app\/uploads\/2024\/04\/Domaine-de-Chateauvieux-Plat-cocotte-agneau-1.jpg\" alt=\"field_image['alt']\"\/> \n\n                                <\/div>\n                                          \n                        \n                        \n            \n\n\n\n          <\/div>\n        <\/div>\n\n      <\/div>\n\n    <\/div>\n  <\/div>\n<\/section>","protected":false},"excerpt":{"rendered":"","protected":false},"author":2,"featured_media":0,"parent":0,"menu_order":0,"comment_status":"closed","ping_status":"closed","template":"","meta":{"inline_featured_image":false,"footnotes":""},"acf":[],"yoast_head":"<!-- This site is optimized with the Yoast SEO plugin v20.13 - https:\/\/yoast.com\/wordpress\/plugins\/seo\/ -->\n<title>Le Chef - Philippe Chevrier Consulting<\/title>\n<meta name=\"description\" content=\"La cuisine est une vocation pour Philippe Chevrier. Loin des tendances \u00e9ph\u00e9m\u00e8res et des effets de mode, il s\u2019inscrit dans la dur\u00e9e et la tradition\" \/>\n<meta name=\"robots\" content=\"index, follow, max-snippet:-1, max-image-preview:large, max-video-preview:-1\" \/>\n<link rel=\"canonical\" href=\"https:\/\/chevrierconsulting.com\/fr\/le-chef\/\" \/>\n<meta property=\"og:locale\" content=\"fr_FR\" \/>\n<meta property=\"og:type\" content=\"article\" \/>\n<meta property=\"og:title\" content=\"Le Chef - Philippe Chevrier Consulting\" \/>\n<meta property=\"og:description\" content=\"La cuisine est une vocation pour Philippe Chevrier. Loin des tendances \u00e9ph\u00e9m\u00e8res et des effets de mode, il s\u2019inscrit dans la dur\u00e9e et la tradition\" \/>\n<meta property=\"og:url\" content=\"https:\/\/chevrierconsulting.com\/fr\/le-chef\/\" \/>\n<meta property=\"og:site_name\" content=\"Philippe Chevrier Consulting\" \/>\n<meta property=\"article:modified_time\" content=\"2024-05-15T13:02:49+00:00\" \/>\n<meta name=\"twitter:card\" content=\"summary_large_image\" \/>\n<script type=\"application\/ld+json\" class=\"yoast-schema-graph\">{\"@context\":\"https:\/\/schema.org\",\"@graph\":[{\"@type\":\"WebPage\",\"@id\":\"https:\/\/chevrierconsulting.com\/fr\/le-chef\/\",\"url\":\"https:\/\/chevrierconsulting.com\/fr\/le-chef\/\",\"name\":\"Le Chef - Philippe Chevrier Consulting\",\"isPartOf\":{\"@id\":\"https:\/\/chevrierconsulting.com\/fr\/#website\"},\"datePublished\":\"2024-03-14T12:27:04+00:00\",\"dateModified\":\"2024-05-15T13:02:49+00:00\",\"description\":\"La cuisine est une vocation pour Philippe Chevrier. Loin des tendances \u00e9ph\u00e9m\u00e8res et des effets de mode, il s\u2019inscrit dans la dur\u00e9e et la tradition\",\"breadcrumb\":{\"@id\":\"https:\/\/chevrierconsulting.com\/fr\/le-chef\/#breadcrumb\"},\"inLanguage\":\"fr-FR\",\"potentialAction\":[{\"@type\":\"ReadAction\",\"target\":[\"https:\/\/chevrierconsulting.com\/fr\/le-chef\/\"]}]},{\"@type\":\"BreadcrumbList\",\"@id\":\"https:\/\/chevrierconsulting.com\/fr\/le-chef\/#breadcrumb\",\"itemListElement\":[{\"@type\":\"ListItem\",\"position\":1,\"name\":\"Home\",\"item\":\"https:\/\/chevrierconsulting.com\/fr\/\"},{\"@type\":\"ListItem\",\"position\":2,\"name\":\"Le Chef\"}]},{\"@type\":\"WebSite\",\"@id\":\"https:\/\/chevrierconsulting.com\/fr\/#website\",\"url\":\"https:\/\/chevrierconsulting.com\/fr\/\",\"name\":\"Philippe Chevrier Consulting\",\"description\":\"Philippe Chevrier vous accompagne dans vos projets\",\"publisher\":{\"@id\":\"https:\/\/chevrierconsulting.com\/fr\/#organization\"},\"potentialAction\":[{\"@type\":\"SearchAction\",\"target\":{\"@type\":\"EntryPoint\",\"urlTemplate\":\"https:\/\/chevrierconsulting.com\/fr\/?s={search_term_string}\"},\"query-input\":\"required name=search_term_string\"}],\"inLanguage\":\"fr-FR\"},{\"@type\":\"Organization\",\"@id\":\"https:\/\/chevrierconsulting.com\/fr\/#organization\",\"name\":\"Philippe Chevrier Consulting\",\"url\":\"https:\/\/chevrierconsulting.com\/fr\/\",\"logo\":{\"@type\":\"ImageObject\",\"inLanguage\":\"fr-FR\",\"@id\":\"https:\/\/chevrierconsulting.com\/fr\/#\/schema\/logo\/image\/\",\"url\":\"https:\/\/chevrierconsulting.com\/app\/uploads\/2024\/03\/PCC_Logo_Positif.svg\",\"contentUrl\":\"https:\/\/chevrierconsulting.com\/app\/uploads\/2024\/03\/PCC_Logo_Positif.svg\",\"caption\":\"Philippe Chevrier Consulting\"},\"image\":{\"@id\":\"https:\/\/chevrierconsulting.com\/fr\/#\/schema\/logo\/image\/\"}}]}<\/script>\n<!-- \/ Yoast SEO plugin. -->","yoast_head_json":{"title":"Le Chef - Philippe Chevrier Consulting","description":"La cuisine est une vocation pour Philippe Chevrier. Loin des tendances \u00e9ph\u00e9m\u00e8res et des effets de mode, il s\u2019inscrit dans la dur\u00e9e et la tradition","robots":{"index":"index","follow":"follow","max-snippet":"max-snippet:-1","max-image-preview":"max-image-preview:large","max-video-preview":"max-video-preview:-1"},"canonical":"https:\/\/chevrierconsulting.com\/fr\/le-chef\/","og_locale":"fr_FR","og_type":"article","og_title":"Le Chef - Philippe Chevrier Consulting","og_description":"La cuisine est une vocation pour Philippe Chevrier. Loin des tendances \u00e9ph\u00e9m\u00e8res et des effets de mode, il s\u2019inscrit dans la dur\u00e9e et la tradition","og_url":"https:\/\/chevrierconsulting.com\/fr\/le-chef\/","og_site_name":"Philippe Chevrier Consulting","article_modified_time":"2024-05-15T13:02:49+00:00","twitter_card":"summary_large_image","schema":{"@context":"https:\/\/schema.org","@graph":[{"@type":"WebPage","@id":"https:\/\/chevrierconsulting.com\/fr\/le-chef\/","url":"https:\/\/chevrierconsulting.com\/fr\/le-chef\/","name":"Le Chef - Philippe Chevrier Consulting","isPartOf":{"@id":"https:\/\/chevrierconsulting.com\/fr\/#website"},"datePublished":"2024-03-14T12:27:04+00:00","dateModified":"2024-05-15T13:02:49+00:00","description":"La cuisine est une vocation pour Philippe Chevrier. Loin des tendances \u00e9ph\u00e9m\u00e8res et des effets de mode, il s\u2019inscrit dans la dur\u00e9e et la tradition","breadcrumb":{"@id":"https:\/\/chevrierconsulting.com\/fr\/le-chef\/#breadcrumb"},"inLanguage":"fr-FR","potentialAction":[{"@type":"ReadAction","target":["https:\/\/chevrierconsulting.com\/fr\/le-chef\/"]}]},{"@type":"BreadcrumbList","@id":"https:\/\/chevrierconsulting.com\/fr\/le-chef\/#breadcrumb","itemListElement":[{"@type":"ListItem","position":1,"name":"Home","item":"https:\/\/chevrierconsulting.com\/fr\/"},{"@type":"ListItem","position":2,"name":"Le Chef"}]},{"@type":"WebSite","@id":"https:\/\/chevrierconsulting.com\/fr\/#website","url":"https:\/\/chevrierconsulting.com\/fr\/","name":"Philippe Chevrier Consulting","description":"Philippe Chevrier vous accompagne dans vos projets","publisher":{"@id":"https:\/\/chevrierconsulting.com\/fr\/#organization"},"potentialAction":[{"@type":"SearchAction","target":{"@type":"EntryPoint","urlTemplate":"https:\/\/chevrierconsulting.com\/fr\/?s={search_term_string}"},"query-input":"required name=search_term_string"}],"inLanguage":"fr-FR"},{"@type":"Organization","@id":"https:\/\/chevrierconsulting.com\/fr\/#organization","name":"Philippe Chevrier Consulting","url":"https:\/\/chevrierconsulting.com\/fr\/","logo":{"@type":"ImageObject","inLanguage":"fr-FR","@id":"https:\/\/chevrierconsulting.com\/fr\/#\/schema\/logo\/image\/","url":"https:\/\/chevrierconsulting.com\/app\/uploads\/2024\/03\/PCC_Logo_Positif.svg","contentUrl":"https:\/\/chevrierconsulting.com\/app\/uploads\/2024\/03\/PCC_Logo_Positif.svg","caption":"Philippe Chevrier Consulting"},"image":{"@id":"https:\/\/chevrierconsulting.com\/fr\/#\/schema\/logo\/image\/"}}]}},"_links":{"self":[{"href":"https:\/\/chevrierconsulting.com\/fr\/wp-json\/wp\/v2\/pages\/7927"}],"collection":[{"href":"https:\/\/chevrierconsulting.com\/fr\/wp-json\/wp\/v2\/pages"}],"about":[{"href":"https:\/\/chevrierconsulting.com\/fr\/wp-json\/wp\/v2\/types\/page"}],"author":[{"embeddable":true,"href":"https:\/\/chevrierconsulting.com\/fr\/wp-json\/wp\/v2\/users\/2"}],"replies":[{"embeddable":true,"href":"https:\/\/chevrierconsulting.com\/fr\/wp-json\/wp\/v2\/comments?post=7927"}],"version-history":[{"count":84,"href":"https:\/\/chevrierconsulting.com\/fr\/wp-json\/wp\/v2\/pages\/7927\/revisions"}],"predecessor-version":[{"id":9211,"href":"https:\/\/chevrierconsulting.com\/fr\/wp-json\/wp\/v2\/pages\/7927\/revisions\/9211"}],"wp:attachment":[{"href":"https:\/\/chevrierconsulting.com\/fr\/wp-json\/wp\/v2\/media?parent=7927"}],"curies":[{"name":"wp","href":"https:\/\/api.w.org\/{rel}","templated":true}]}}