





{"id":8089,"date":"2024-03-17T18:08:20","date_gmt":"2024-03-17T17:08:20","guid":{"rendered":"https:\/\/x80ymbgtfu.preview.infomaniak.website\/?page_id=8089"},"modified":"2024-05-15T14:57:58","modified_gmt":"2024-05-15T12:57:58","slug":"consulting","status":"publish","type":"page","link":"https:\/\/chevrierconsulting.com\/fr\/consulting\/","title":{"rendered":"Consulting"},"content":{"rendered":"  <div class=\" container hero-page shadow\" style=\"background-image:  url('https:\/\/chevrierconsulting.com\/app\/uploads\/2024\/04\/dressage.jpg');\" id=\"hero_block\">\n      <section class=\"gradient-top-header\"><\/section>\n\n          \n\n      <h1 class=\"hero-title\">\n     <p>Consulting<\/p>\n \n    <\/h1>\n   \n  \n           \n  <a href=\"#site-content\" class=\"skip hero-new-button\">\n    <i class=\"fa-solid fa-chevron-down\"><\/i>\n  <\/a>\n<\/div>\n\n<div id=\"site-content\"><\/div>\n\n<section class=\"block-text-image  bg-left\" id=\"\" style=\"background-color:; background-image: url('')  ;\">\n  <div class=\"container block-wrapper\" >\n    <div class=\"row\">\n\n            <div class=\"col-md-5 content-column\">\n\n            <div class=\"fields-subtitle\">\n          <h5> Conseil et accompagnement  <\/h5>\n        <\/div>\n        <div class=\"fields-title\">\n          <h3> Philippe Chevrier Consulting <\/h3>\n        <\/div>\n        <div class=\"fields-description\">\n          <p>Fort de <b>50 ans d\u2019exp\u00e9rience dans la restauration <\/b>et \u00e0 la t\u00eate d\u2019un groupe de <b>plus de 130 collaborateurs<\/b>, Philippe Chevrier lance son activit\u00e9 de consulting pour aider les entrepreneurs \u00e0 cr\u00e9er ou d\u00e9velopper leur entreprise dans le secteur de la restauration. Passionn\u00e9 comme au premier jour, il souhaite partager son expertise et son savoir-faire.<\/p>\n<p>Philippe Chevrier a d\u00e9velopp\u00e9 <b>une quinzaine de concepts<\/b>. Entour\u00e9 de <b>collaborateurs experts dans leur domaine,<\/b> que ce soit en salle, en cuisine ou en mati\u00e8re de gestion administrative, il s\u2019appuie sur les comp\u00e9tences de ses \u00e9quipes et d\u2019un puissant r\u00e9seau de partenaires pour lancer cette nouvelle activit\u00e9. Il souhaite ainsi proposer une offre structur\u00e9e, adapt\u00e9e \u00e0 chaque projet.<\/p>\n<p><b>\u00c0 la t\u00eate de plusieurs restaurants, de la table gastronomique \u00e0 la street food<\/b>, il conna\u00eet les attentes de la client\u00e8le et des collaborateurs dans un secteur en pleine \u00e9volution et tr\u00e8s concurrentiel.<\/p>\n<p><b>L&#8217;offre de consulting de Philippe Chevrier : <\/b><\/p>\n<ul>\n<li>Un <b><\/b>accompagnement sur-mesure pour chaque projet (\u00e9laboration, mise en \u0153uvre et r\u00e9alisation)<\/li>\n<li>La cr\u00e9ation, la gestion, la restructuration et le d\u00e9veloppement de votre \u00e9tablissement<\/li>\n<li>Une offre propos\u00e9e en Suisse et \u00e0 l\u2019international<\/li>\n<li>Un puissant r\u00e9seau d\u2019experts et de partenaires<\/li>\n<\/ul>\n\n        <\/div>\n        <div class=\"button-container-wrapper\">\n\n                      <div class=\"row button-container\">\n              <a href=\"\/fr\/contact\" class=\"fields-button\">\n                CONSULTEZ-NOUS \n                <i class=\"fa-solid fa-chevron-right fa-sm\" aria-hidden=\"true\"><\/i>\n              <\/a>\n                                        <\/div>\n            \n\n        <\/div>\n      <\/div>\n\n              <div class=\"col-md-7 image-column image-right bloc-image-gallery\">\n\n              \n        <div class=\"container-fluid\">\n          <div class=\"row\">\n\n                        \n                        \n                        \n                        \n                        <div class=\"img-container\">\n             \n                    <img decoding=\"async\" class=\"etablissement-image img-fluid  img1-1\" src=\"https:\/\/chevrierconsulting.com\/app\/uploads\/2024\/04\/Philippe-Chevrier-et-Esteban-Valle.jpg\" \/>\n                \n                    <br>\n                    <img decoding=\"async\" class=\"etablissement-image img-fluid  img2-2\" src=\"https:\/\/chevrierconsulting.com\/app\/uploads\/2024\/04\/Chez_Philippe_Consulting.jpg\" \/>\n                \n              <\/div>\n            \n\n\n\n          <\/div>\n        <\/div>\n\n      <\/div>\n\n    <\/div>\n  <\/div>\n<\/section>\n\n<section class=\"block-prestations\" id=\"\">\n    <div class=\"container block-wrapper\" >\n        <div class=\"row\">\n            <div class=\"col-md-12\">\n                <div class=\"title\">\n                    <h3> Nos prestations <\/h3>\n                <\/div>\n                <div class=\"subtitle\">\n                    <h5> Les diff\u00e9rentes formules d&#8217;accompagnement <\/h5>\n                <\/div>\n            <\/div>\n        <\/div>\n        <div class=\"row prestations\">\n\n        \n            <div class=\" col-lg-3 col-md-3 col-sm-12 col-xs-12\">\n                <div class=\"prestation-item\">\n                    <div class=\"title\">\n                        <h5> \u00c9tude de march\u00e9 <\/h5>\n                    <\/div>\n                    <div class=\"description\">\n                        <ul>\n<li>Recherche de local<\/li>\n<li>Expertise avant achat \/ \u00c9valuation du potentiel \/ Analyse de la situation de l\u2019\u00e9tablissement (quartier, concurrence\u2026)<\/li>\n<li>Conseils sur la reprise d\u2019un fonds de commerce<\/li>\n<li>D\u00e9finition de la strat\u00e9gie d\u2019implantation<\/li>\n<\/ul>\n\n                    <\/div>\n                <\/div>\n            <\/div>\n        \n            <div class=\" col-lg-3 col-md-3 col-sm-12 col-xs-12\">\n                <div class=\"prestation-item\">\n                    <div class=\"title\">\n                        <h5> Technique et Logistique <\/h5>\n                    <\/div>\n                    <div class=\"description\">\n                        <ul>\n<li>Conseils et accompagnement pour les plans et am\u00e9nagements<\/li>\n<li>D\u00e9coration<\/li>\n<li>Suivi des chantiers<\/li>\n<li>Choix des fournisseurs et des prestataires<\/li>\n<\/ul>\n\n                    <\/div>\n                <\/div>\n            <\/div>\n        \n            <div class=\" col-lg-3 col-md-3 col-sm-12 col-xs-12\">\n                <div class=\"prestation-item\">\n                    <div class=\"title\">\n                        <h5> Ouverture ou repositionnement de restaurant <\/h5>\n                    <\/div>\n                    <div class=\"description\">\n                        <ul>\n<li>Cr\u00e9ation de concept<\/li>\n<li>Cr\u00e9ation d\u2019une carte<\/li>\n<li>Aide au recrutement et formation des \u00e9quipes (en salle et en cuisine)<\/li>\n<\/ul>\n\n                    <\/div>\n                <\/div>\n            <\/div>\n        \n            <div class=\" col-lg-3 col-md-3 col-sm-12 col-xs-12\">\n                <div class=\"prestation-item\">\n                    <div class=\"title\">\n                        <h5> Fonctions supports <br> (Administration, Finance, Comptabilit\u00e9) <\/h5>\n                    <\/div>\n                    <div class=\"description\">\n                        <ul>\n<li>Analyse de rentabilit\u00e9 et de ratios financiers<\/li>\n<li>Gestion des co\u00fbts et des stocks<\/li>\n<li>Accompagnement aux formalit\u00e9s administratives, comptabilit\u00e9 et ressources humaines<\/li>\n<li>Conformit\u00e9 et obligations l\u00e9gales<\/li>\n<li>D\u00e9finition d\u2019une strat\u00e9gie de communication<\/li>\n<\/ul>\n\n                    <\/div>\n                <\/div>\n            <\/div>\n                <\/div>\n        <div class=\"row call-to\">\n            <div class=\"col-md-4\"> \n                <a href=\"https:\/\/chevrierconsulting.com\/fr\/contact\/\" class=\"fields-button\">DEMANDE DE DEVIS <i class=\"fa-solid fa-chevron-right\"><\/i><\/a>\n            <\/div>\n        <\/div>\n    \n\n    <\/div>\n    \n<\/section>","protected":false},"excerpt":{"rendered":"","protected":false},"author":2,"featured_media":0,"parent":0,"menu_order":0,"comment_status":"closed","ping_status":"closed","template":"","meta":{"inline_featured_image":false,"footnotes":""},"acf":[],"yoast_head":"<!-- This site is optimized with the Yoast SEO plugin v20.13 - https:\/\/yoast.com\/wordpress\/plugins\/seo\/ -->\n<title>Consulting - Philippe Chevrier Consulting<\/title>\n<meta name=\"description\" content=\"Philippe Chevrier lance son activit\u00e9 de consulting pour aider les entrepreneurs \u00e0 cr\u00e9er ou d\u00e9velopper leur entreprise dans la restauration\" \/>\n<meta name=\"robots\" content=\"index, follow, max-snippet:-1, max-image-preview:large, max-video-preview:-1\" \/>\n<link rel=\"canonical\" href=\"https:\/\/chevrierconsulting.com\/fr\/consulting\/\" \/>\n<meta property=\"og:locale\" content=\"fr_FR\" \/>\n<meta property=\"og:type\" content=\"article\" \/>\n<meta property=\"og:title\" content=\"Consulting - Philippe Chevrier Consulting\" \/>\n<meta property=\"og:description\" content=\"Philippe Chevrier lance son activit\u00e9 de consulting pour aider les entrepreneurs \u00e0 cr\u00e9er ou d\u00e9velopper leur entreprise dans la restauration\" \/>\n<meta property=\"og:url\" content=\"https:\/\/chevrierconsulting.com\/fr\/consulting\/\" \/>\n<meta property=\"og:site_name\" content=\"Philippe Chevrier Consulting\" \/>\n<meta property=\"article:modified_time\" content=\"2024-05-15T12:57:58+00:00\" \/>\n<meta name=\"twitter:card\" content=\"summary_large_image\" \/>\n<script type=\"application\/ld+json\" class=\"yoast-schema-graph\">{\"@context\":\"https:\/\/schema.org\",\"@graph\":[{\"@type\":\"WebPage\",\"@id\":\"https:\/\/chevrierconsulting.com\/fr\/consulting\/\",\"url\":\"https:\/\/chevrierconsulting.com\/fr\/consulting\/\",\"name\":\"Consulting - Philippe Chevrier Consulting\",\"isPartOf\":{\"@id\":\"https:\/\/chevrierconsulting.com\/fr\/#website\"},\"datePublished\":\"2024-03-17T17:08:20+00:00\",\"dateModified\":\"2024-05-15T12:57:58+00:00\",\"description\":\"Philippe Chevrier lance son activit\u00e9 de consulting pour aider les entrepreneurs \u00e0 cr\u00e9er ou d\u00e9velopper leur entreprise dans la restauration\",\"breadcrumb\":{\"@id\":\"https:\/\/chevrierconsulting.com\/fr\/consulting\/#breadcrumb\"},\"inLanguage\":\"fr-FR\",\"potentialAction\":[{\"@type\":\"ReadAction\",\"target\":[\"https:\/\/chevrierconsulting.com\/fr\/consulting\/\"]}]},{\"@type\":\"BreadcrumbList\",\"@id\":\"https:\/\/chevrierconsulting.com\/fr\/consulting\/#breadcrumb\",\"itemListElement\":[{\"@type\":\"ListItem\",\"position\":1,\"name\":\"Home\",\"item\":\"https:\/\/chevrierconsulting.com\/fr\/\"},{\"@type\":\"ListItem\",\"position\":2,\"name\":\"Consulting\"}]},{\"@type\":\"WebSite\",\"@id\":\"https:\/\/chevrierconsulting.com\/fr\/#website\",\"url\":\"https:\/\/chevrierconsulting.com\/fr\/\",\"name\":\"Philippe Chevrier Consulting\",\"description\":\"Philippe Chevrier vous accompagne dans vos projets\",\"publisher\":{\"@id\":\"https:\/\/chevrierconsulting.com\/fr\/#organization\"},\"potentialAction\":[{\"@type\":\"SearchAction\",\"target\":{\"@type\":\"EntryPoint\",\"urlTemplate\":\"https:\/\/chevrierconsulting.com\/fr\/?s={search_term_string}\"},\"query-input\":\"required name=search_term_string\"}],\"inLanguage\":\"fr-FR\"},{\"@type\":\"Organization\",\"@id\":\"https:\/\/chevrierconsulting.com\/fr\/#organization\",\"name\":\"Philippe Chevrier Consulting\",\"url\":\"https:\/\/chevrierconsulting.com\/fr\/\",\"logo\":{\"@type\":\"ImageObject\",\"inLanguage\":\"fr-FR\",\"@id\":\"https:\/\/chevrierconsulting.com\/fr\/#\/schema\/logo\/image\/\",\"url\":\"https:\/\/chevrierconsulting.com\/app\/uploads\/2024\/03\/PCC_Logo_Positif.svg\",\"contentUrl\":\"https:\/\/chevrierconsulting.com\/app\/uploads\/2024\/03\/PCC_Logo_Positif.svg\",\"caption\":\"Philippe Chevrier Consulting\"},\"image\":{\"@id\":\"https:\/\/chevrierconsulting.com\/fr\/#\/schema\/logo\/image\/\"}}]}<\/script>\n<!-- \/ Yoast SEO plugin. -->","yoast_head_json":{"title":"Consulting - Philippe Chevrier Consulting","description":"Philippe Chevrier lance son activit\u00e9 de consulting pour aider les entrepreneurs \u00e0 cr\u00e9er ou d\u00e9velopper leur entreprise dans la restauration","robots":{"index":"index","follow":"follow","max-snippet":"max-snippet:-1","max-image-preview":"max-image-preview:large","max-video-preview":"max-video-preview:-1"},"canonical":"https:\/\/chevrierconsulting.com\/fr\/consulting\/","og_locale":"fr_FR","og_type":"article","og_title":"Consulting - Philippe Chevrier Consulting","og_description":"Philippe Chevrier lance son activit\u00e9 de consulting pour aider les entrepreneurs \u00e0 cr\u00e9er ou d\u00e9velopper leur entreprise dans la restauration","og_url":"https:\/\/chevrierconsulting.com\/fr\/consulting\/","og_site_name":"Philippe Chevrier Consulting","article_modified_time":"2024-05-15T12:57:58+00:00","twitter_card":"summary_large_image","schema":{"@context":"https:\/\/schema.org","@graph":[{"@type":"WebPage","@id":"https:\/\/chevrierconsulting.com\/fr\/consulting\/","url":"https:\/\/chevrierconsulting.com\/fr\/consulting\/","name":"Consulting - Philippe Chevrier Consulting","isPartOf":{"@id":"https:\/\/chevrierconsulting.com\/fr\/#website"},"datePublished":"2024-03-17T17:08:20+00:00","dateModified":"2024-05-15T12:57:58+00:00","description":"Philippe Chevrier lance son activit\u00e9 de consulting pour aider les entrepreneurs \u00e0 cr\u00e9er ou d\u00e9velopper leur entreprise dans la restauration","breadcrumb":{"@id":"https:\/\/chevrierconsulting.com\/fr\/consulting\/#breadcrumb"},"inLanguage":"fr-FR","potentialAction":[{"@type":"ReadAction","target":["https:\/\/chevrierconsulting.com\/fr\/consulting\/"]}]},{"@type":"BreadcrumbList","@id":"https:\/\/chevrierconsulting.com\/fr\/consulting\/#breadcrumb","itemListElement":[{"@type":"ListItem","position":1,"name":"Home","item":"https:\/\/chevrierconsulting.com\/fr\/"},{"@type":"ListItem","position":2,"name":"Consulting"}]},{"@type":"WebSite","@id":"https:\/\/chevrierconsulting.com\/fr\/#website","url":"https:\/\/chevrierconsulting.com\/fr\/","name":"Philippe Chevrier Consulting","description":"Philippe Chevrier vous accompagne dans vos projets","publisher":{"@id":"https:\/\/chevrierconsulting.com\/fr\/#organization"},"potentialAction":[{"@type":"SearchAction","target":{"@type":"EntryPoint","urlTemplate":"https:\/\/chevrierconsulting.com\/fr\/?s={search_term_string}"},"query-input":"required name=search_term_string"}],"inLanguage":"fr-FR"},{"@type":"Organization","@id":"https:\/\/chevrierconsulting.com\/fr\/#organization","name":"Philippe Chevrier Consulting","url":"https:\/\/chevrierconsulting.com\/fr\/","logo":{"@type":"ImageObject","inLanguage":"fr-FR","@id":"https:\/\/chevrierconsulting.com\/fr\/#\/schema\/logo\/image\/","url":"https:\/\/chevrierconsulting.com\/app\/uploads\/2024\/03\/PCC_Logo_Positif.svg","contentUrl":"https:\/\/chevrierconsulting.com\/app\/uploads\/2024\/03\/PCC_Logo_Positif.svg","caption":"Philippe Chevrier Consulting"},"image":{"@id":"https:\/\/chevrierconsulting.com\/fr\/#\/schema\/logo\/image\/"}}]}},"_links":{"self":[{"href":"https:\/\/chevrierconsulting.com\/fr\/wp-json\/wp\/v2\/pages\/8089"}],"collection":[{"href":"https:\/\/chevrierconsulting.com\/fr\/wp-json\/wp\/v2\/pages"}],"about":[{"href":"https:\/\/chevrierconsulting.com\/fr\/wp-json\/wp\/v2\/types\/page"}],"author":[{"embeddable":true,"href":"https:\/\/chevrierconsulting.com\/fr\/wp-json\/wp\/v2\/users\/2"}],"replies":[{"embeddable":true,"href":"https:\/\/chevrierconsulting.com\/fr\/wp-json\/wp\/v2\/comments?post=8089"}],"version-history":[{"count":81,"href":"https:\/\/chevrierconsulting.com\/fr\/wp-json\/wp\/v2\/pages\/8089\/revisions"}],"predecessor-version":[{"id":9224,"href":"https:\/\/chevrierconsulting.com\/fr\/wp-json\/wp\/v2\/pages\/8089\/revisions\/9224"}],"wp:attachment":[{"href":"https:\/\/chevrierconsulting.com\/fr\/wp-json\/wp\/v2\/media?parent=8089"}],"curies":[{"name":"wp","href":"https:\/\/api.w.org\/{rel}","templated":true}]}}