





{"id":8392,"date":"2024-03-25T10:48:36","date_gmt":"2024-03-25T09:48:36","guid":{"rendered":"https:\/\/x80ymbgtfu.preview.infomaniak.website\/?page_id=8392"},"modified":"2024-05-15T15:00:52","modified_gmt":"2024-05-15T13:00:52","slug":"franchises","status":"publish","type":"page","link":"https:\/\/chevrierconsulting.com\/fr\/franchises\/","title":{"rendered":"Franchises"},"content":{"rendered":"  <div class=\" container hero-page shadow\" style=\"background-image:  url('https:\/\/chevrierconsulting.com\/app\/uploads\/2024\/04\/Franchises-copie.jpg');\" id=\"hero_block\">\n      <section class=\"gradient-top-header\"><\/section>\n\n          \n\n      <h1 class=\"hero-title\">\n     <p>Vous souhaitez ouvrir une franchise ?<\/p>\n \n    <\/h1>\n   \n  \n           \n  <a href=\"#site-content\" class=\"skip hero-new-button\">\n    <i class=\"fa-solid fa-chevron-down\"><\/i>\n  <\/a>\n<\/div>\n\n<div id=\"site-content\"><\/div>\n\n<section class=\"block-text-image  bg-left\" id=\"\" style=\"background-color:; background-image: url('')  ;\">\n  <div class=\"container block-wrapper\" >\n    <div class=\"row\">\n\n            <div class=\"col-md-6 content-column\">\n\n            <div class=\"fields-subtitle\">\n          <h5> Les concepts &#8220;signature* de philippe chevrier <\/h5>\n        <\/div>\n        <div class=\"fields-title\">\n          <h3> Les Franchises <\/h3>\n        <\/div>\n        <div class=\"fields-description\">\n          <p class=\"p2\"><strong>Philippe Chevrier<\/strong> vous propose de d\u00e9velopper des <strong>franchises de deux concepts \u00e0 succ\u00e8s<\/strong> : <i>Chez Philippe<\/i>, le bar-grill inspir\u00e9 par les steak-houses new-yorkais ou <i>Denise\u2019s Art of Burger<\/i>, les burgers gastronomiques savoureux et cr\u00e9atifs. Des \u00e9tablissements cr\u00e9\u00e9s en 2014 et en 2015, qui sont connus et\u00a0 reconnus \u00e0 Gen\u00e8ve.<span class=\"Apple-converted-space\">\u00a0<\/span><\/p>\n<p class=\"p2\">Ces deux concepts peuvent \u00eatre implant\u00e9s dans des zones urbaines, en Suisse et \u00e0 l\u2019\u00e9tranger. Nos partenaires franchis\u00e9s devront partager notre <strong>engagement en mati\u00e8re de qualit\u00e9, de convivialit\u00e9 et de service<\/strong> et poss\u00e9der une exp\u00e9rience dans le domaine de la restauration. Rejoignez l\u2019aventure !<\/p>\n<p><b>Devenir franchis\u00e9 :<\/b><\/p>\n<ul>\n<li>Un business model solide<\/li>\n<li>Un concept attractif<\/li>\n<li>Une identit\u00e9 visuelle impactante et identifiable<\/li>\n<li>Des cartes d\u00e9velopp\u00e9es par Philippe Chevrier et ses \u00e9quipes<\/li>\n<\/ul>\n<p>Veuillez envoyer vos demandes de renseignements via le formulaire de contact.<\/p>\n\n        <\/div>\n        <div class=\"button-container-wrapper\">\n\n                      <div class=\"row button-container\">\n              <a href=\"\/fr\/contact\/\" class=\"fields-button\">\n                DEVENIR FRANCHIS\u00c9 \n                <i class=\"fa-solid fa-chevron-right fa-sm\" aria-hidden=\"true\"><\/i>\n              <\/a>\n                                        <\/div>\n            \n\n        <\/div>\n      <\/div>\n\n              <div class=\"col-md-6 image-column image-right bloc-image-gallery\">\n              \n        <div class=\"container-fluid\">\n          <div class=\"row\">\n\n                        \n                                                                      <div class=\"col-lg-6 col-md-12 mb-4 mb-lg-0\">\n                                    <img decoding=\"async\" class=\"w-100 shadow-1-strong mb-4 shadow\" src=\"https:\/\/chevrierconsulting.com\/app\/uploads\/2024\/03\/Chez-Philippe-5-1.jpg\" alt=\"field_image['alt']\"\/> \n\n                                                                  <img decoding=\"async\" class=\"w-100 shadow-1-strong mb-4 shadow\" src=\"https:\/\/chevrierconsulting.com\/app\/uploads\/2024\/03\/Denise-team.jpg\" alt=\"field_image['alt']\"\/> \n\n                                <\/div>\n                                                              <div class=\"col-lg-6 col-md-12 mb-4 mb-lg-0\">\n                                    <img decoding=\"async\" class=\"w-100 shadow-1-strong mb-4 shadow\" src=\"https:\/\/chevrierconsulting.com\/app\/uploads\/2024\/03\/team-chez-philippe.jpg\" alt=\"field_image['alt']\"\/> \n\n                                                                  <img decoding=\"async\" class=\"w-100 shadow-1-strong mb-4 shadow\" src=\"https:\/\/chevrierconsulting.com\/app\/uploads\/2024\/03\/BURGER1-copie-scaled.jpg\" alt=\"field_image['alt']\"\/> \n\n                                <\/div>\n                                          \n                        \n                        \n            \n\n\n\n          <\/div>\n        <\/div>\n\n      <\/div>\n\n    <\/div>\n  <\/div>\n<\/section>","protected":false},"excerpt":{"rendered":"","protected":false},"author":2,"featured_media":0,"parent":0,"menu_order":0,"comment_status":"closed","ping_status":"closed","template":"","meta":{"inline_featured_image":false,"footnotes":""},"acf":[],"yoast_head":"<!-- This site is optimized with the Yoast SEO plugin v20.13 - https:\/\/yoast.com\/wordpress\/plugins\/seo\/ -->\n<title>Franchises - Philippe Chevrier Consulting<\/title>\n<meta name=\"description\" content=\"Philippe Chevrier vous propose de d\u00e9velopper des franchises de deux concepts \u00e0 succ\u00e8s : Chez Philippe et Denise&#039;s Art of Burger\" \/>\n<meta name=\"robots\" content=\"index, follow, max-snippet:-1, max-image-preview:large, max-video-preview:-1\" \/>\n<link rel=\"canonical\" href=\"https:\/\/chevrierconsulting.com\/fr\/franchises\/\" \/>\n<meta property=\"og:locale\" content=\"fr_FR\" \/>\n<meta property=\"og:type\" content=\"article\" \/>\n<meta property=\"og:title\" content=\"Franchises - Philippe Chevrier Consulting\" \/>\n<meta property=\"og:description\" content=\"Philippe Chevrier vous propose de d\u00e9velopper des franchises de deux concepts \u00e0 succ\u00e8s : Chez Philippe et Denise&#039;s Art of Burger\" \/>\n<meta property=\"og:url\" content=\"https:\/\/chevrierconsulting.com\/fr\/franchises\/\" \/>\n<meta property=\"og:site_name\" content=\"Philippe Chevrier Consulting\" \/>\n<meta property=\"article:modified_time\" content=\"2024-05-15T13:00:52+00:00\" \/>\n<meta name=\"twitter:card\" content=\"summary_large_image\" \/>\n<script type=\"application\/ld+json\" class=\"yoast-schema-graph\">{\"@context\":\"https:\/\/schema.org\",\"@graph\":[{\"@type\":\"WebPage\",\"@id\":\"https:\/\/chevrierconsulting.com\/fr\/franchises\/\",\"url\":\"https:\/\/chevrierconsulting.com\/fr\/franchises\/\",\"name\":\"Franchises - Philippe Chevrier Consulting\",\"isPartOf\":{\"@id\":\"https:\/\/chevrierconsulting.com\/fr\/#website\"},\"datePublished\":\"2024-03-25T09:48:36+00:00\",\"dateModified\":\"2024-05-15T13:00:52+00:00\",\"description\":\"Philippe Chevrier vous propose de d\u00e9velopper des franchises de deux concepts \u00e0 succ\u00e8s : Chez Philippe et Denise's Art of Burger\",\"breadcrumb\":{\"@id\":\"https:\/\/chevrierconsulting.com\/fr\/franchises\/#breadcrumb\"},\"inLanguage\":\"fr-FR\",\"potentialAction\":[{\"@type\":\"ReadAction\",\"target\":[\"https:\/\/chevrierconsulting.com\/fr\/franchises\/\"]}]},{\"@type\":\"BreadcrumbList\",\"@id\":\"https:\/\/chevrierconsulting.com\/fr\/franchises\/#breadcrumb\",\"itemListElement\":[{\"@type\":\"ListItem\",\"position\":1,\"name\":\"Home\",\"item\":\"https:\/\/chevrierconsulting.com\/fr\/\"},{\"@type\":\"ListItem\",\"position\":2,\"name\":\"Franchises\"}]},{\"@type\":\"WebSite\",\"@id\":\"https:\/\/chevrierconsulting.com\/fr\/#website\",\"url\":\"https:\/\/chevrierconsulting.com\/fr\/\",\"name\":\"Philippe Chevrier Consulting\",\"description\":\"Philippe Chevrier vous accompagne dans vos projets\",\"publisher\":{\"@id\":\"https:\/\/chevrierconsulting.com\/fr\/#organization\"},\"potentialAction\":[{\"@type\":\"SearchAction\",\"target\":{\"@type\":\"EntryPoint\",\"urlTemplate\":\"https:\/\/chevrierconsulting.com\/fr\/?s={search_term_string}\"},\"query-input\":\"required name=search_term_string\"}],\"inLanguage\":\"fr-FR\"},{\"@type\":\"Organization\",\"@id\":\"https:\/\/chevrierconsulting.com\/fr\/#organization\",\"name\":\"Philippe Chevrier Consulting\",\"url\":\"https:\/\/chevrierconsulting.com\/fr\/\",\"logo\":{\"@type\":\"ImageObject\",\"inLanguage\":\"fr-FR\",\"@id\":\"https:\/\/chevrierconsulting.com\/fr\/#\/schema\/logo\/image\/\",\"url\":\"https:\/\/chevrierconsulting.com\/app\/uploads\/2024\/03\/PCC_Logo_Positif.svg\",\"contentUrl\":\"https:\/\/chevrierconsulting.com\/app\/uploads\/2024\/03\/PCC_Logo_Positif.svg\",\"caption\":\"Philippe Chevrier Consulting\"},\"image\":{\"@id\":\"https:\/\/chevrierconsulting.com\/fr\/#\/schema\/logo\/image\/\"}}]}<\/script>\n<!-- \/ Yoast SEO plugin. -->","yoast_head_json":{"title":"Franchises - Philippe Chevrier Consulting","description":"Philippe Chevrier vous propose de d\u00e9velopper des franchises de deux concepts \u00e0 succ\u00e8s : Chez Philippe et Denise's Art of Burger","robots":{"index":"index","follow":"follow","max-snippet":"max-snippet:-1","max-image-preview":"max-image-preview:large","max-video-preview":"max-video-preview:-1"},"canonical":"https:\/\/chevrierconsulting.com\/fr\/franchises\/","og_locale":"fr_FR","og_type":"article","og_title":"Franchises - Philippe Chevrier Consulting","og_description":"Philippe Chevrier vous propose de d\u00e9velopper des franchises de deux concepts \u00e0 succ\u00e8s : Chez Philippe et Denise's Art of Burger","og_url":"https:\/\/chevrierconsulting.com\/fr\/franchises\/","og_site_name":"Philippe Chevrier Consulting","article_modified_time":"2024-05-15T13:00:52+00:00","twitter_card":"summary_large_image","schema":{"@context":"https:\/\/schema.org","@graph":[{"@type":"WebPage","@id":"https:\/\/chevrierconsulting.com\/fr\/franchises\/","url":"https:\/\/chevrierconsulting.com\/fr\/franchises\/","name":"Franchises - Philippe Chevrier Consulting","isPartOf":{"@id":"https:\/\/chevrierconsulting.com\/fr\/#website"},"datePublished":"2024-03-25T09:48:36+00:00","dateModified":"2024-05-15T13:00:52+00:00","description":"Philippe Chevrier vous propose de d\u00e9velopper des franchises de deux concepts \u00e0 succ\u00e8s : Chez Philippe et Denise's Art of Burger","breadcrumb":{"@id":"https:\/\/chevrierconsulting.com\/fr\/franchises\/#breadcrumb"},"inLanguage":"fr-FR","potentialAction":[{"@type":"ReadAction","target":["https:\/\/chevrierconsulting.com\/fr\/franchises\/"]}]},{"@type":"BreadcrumbList","@id":"https:\/\/chevrierconsulting.com\/fr\/franchises\/#breadcrumb","itemListElement":[{"@type":"ListItem","position":1,"name":"Home","item":"https:\/\/chevrierconsulting.com\/fr\/"},{"@type":"ListItem","position":2,"name":"Franchises"}]},{"@type":"WebSite","@id":"https:\/\/chevrierconsulting.com\/fr\/#website","url":"https:\/\/chevrierconsulting.com\/fr\/","name":"Philippe Chevrier Consulting","description":"Philippe Chevrier vous accompagne dans vos projets","publisher":{"@id":"https:\/\/chevrierconsulting.com\/fr\/#organization"},"potentialAction":[{"@type":"SearchAction","target":{"@type":"EntryPoint","urlTemplate":"https:\/\/chevrierconsulting.com\/fr\/?s={search_term_string}"},"query-input":"required name=search_term_string"}],"inLanguage":"fr-FR"},{"@type":"Organization","@id":"https:\/\/chevrierconsulting.com\/fr\/#organization","name":"Philippe Chevrier Consulting","url":"https:\/\/chevrierconsulting.com\/fr\/","logo":{"@type":"ImageObject","inLanguage":"fr-FR","@id":"https:\/\/chevrierconsulting.com\/fr\/#\/schema\/logo\/image\/","url":"https:\/\/chevrierconsulting.com\/app\/uploads\/2024\/03\/PCC_Logo_Positif.svg","contentUrl":"https:\/\/chevrierconsulting.com\/app\/uploads\/2024\/03\/PCC_Logo_Positif.svg","caption":"Philippe Chevrier Consulting"},"image":{"@id":"https:\/\/chevrierconsulting.com\/fr\/#\/schema\/logo\/image\/"}}]}},"_links":{"self":[{"href":"https:\/\/chevrierconsulting.com\/fr\/wp-json\/wp\/v2\/pages\/8392"}],"collection":[{"href":"https:\/\/chevrierconsulting.com\/fr\/wp-json\/wp\/v2\/pages"}],"about":[{"href":"https:\/\/chevrierconsulting.com\/fr\/wp-json\/wp\/v2\/types\/page"}],"author":[{"embeddable":true,"href":"https:\/\/chevrierconsulting.com\/fr\/wp-json\/wp\/v2\/users\/2"}],"replies":[{"embeddable":true,"href":"https:\/\/chevrierconsulting.com\/fr\/wp-json\/wp\/v2\/comments?post=8392"}],"version-history":[{"count":38,"href":"https:\/\/chevrierconsulting.com\/fr\/wp-json\/wp\/v2\/pages\/8392\/revisions"}],"predecessor-version":[{"id":9218,"href":"https:\/\/chevrierconsulting.com\/fr\/wp-json\/wp\/v2\/pages\/8392\/revisions\/9218"}],"wp:attachment":[{"href":"https:\/\/chevrierconsulting.com\/fr\/wp-json\/wp\/v2\/media?parent=8392"}],"curies":[{"name":"wp","href":"https:\/\/api.w.org\/{rel}","templated":true}]}}